{"id":8050,"date":"2019-07-10T13:19:14","date_gmt":"2019-07-10T11:19:14","guid":{"rendered":"https:\/\/www.nvlogistics.com\/?page_id=8050"},"modified":"2019-07-10T13:19:14","modified_gmt":"2019-07-10T11:19:14","slug":"satigny-geneve","status":"publish","type":"page","link":"https:\/\/www.nvlogistics.com\/fr\/services\/logistique-integree\/satigny-geneve\/","title":{"rendered":"Satigny, Gen\u00e8ve"},"content":{"rendered":"<h3>Pour le stockage de vos marchandises \u00e0 Satigny, Gen\u00e8ve<\/h3>\n<ul>\n<li><img fetchpriority=\"high\" decoding=\"async\" class=\"alignright size-medium wp-image-8052\" src=\"https:\/\/www.nvlogistics.com\/wp-content\/uploads\/2019\/07\/Stockage-Satigny-Geneve-225x300.jpg\" alt=\"\" width=\"225\" height=\"300\" srcset=\"https:\/\/www.nvlogistics.com\/wp-content\/uploads\/2019\/07\/Stockage-Satigny-Geneve-225x300.jpg 225w, https:\/\/www.nvlogistics.com\/wp-content\/uploads\/2019\/07\/Stockage-Satigny-Geneve-768x1024.jpg 768w, https:\/\/www.nvlogistics.com\/wp-content\/uploads\/2019\/07\/Stockage-Satigny-Geneve.jpg 1200w\" sizes=\"(max-width: 225px) 100vw, 225px\" \/>Surface totale : 800m<sup>2<\/sup><\/li>\n<li>Capacit\u00e9 : env. 500 palettes EUR<\/li>\n<li>Stockage en \u00e9tag\u00e8res et au sol<\/li>\n<li>Pr\u00e9paration de commandes<\/li>\n<li>3 quais de d\u00e9chargement<\/li>\n<li>Acc\u00e8s online aux inventaires<\/li>\n<li>Entrep\u00f4t multi-clients<\/li>\n<li>Gestion du stock par WMS Odoo<\/li>\n<li>Situation id\u00e9ale proche de la fronti\u00e8re et de l\u2019a\u00e9roport de Gen\u00e8ve-Cointrin<\/li>\n<\/ul>\n<p>&nbsp;<\/p>\n","protected":false},"excerpt":{"rendered":"<p>Pour le stockage de vos marchandises \u00e0 Satigny, Gen\u00e8ve Surface totale : 800m2 Capacit\u00e9 : env. 500 palettes EUR Stockage en \u00e9tag\u00e8res et au sol Pr\u00e9paration de commandes 3 quais de d\u00e9chargement Acc\u00e8s online aux inventaires Entrep\u00f4t multi-clients Gestion du stock par WMS Odoo Situation id\u00e9ale proche de la fronti\u00e8re et de l\u2019a\u00e9roport de Gen\u00e8ve-Cointrin [&hellip;]<\/p>\n","protected":false},"author":7,"featured_media":0,"parent":5672,"menu_order":0,"comment_status":"closed","ping_status":"closed","template":"","meta":{"_genesis_hide_title":false,"_genesis_hide_breadcrumbs":false,"_genesis_hide_singular_image":false,"_genesis_hide_footer_widgets":false,"_genesis_custom_body_class":"","_genesis_custom_post_class":"","_genesis_layout":"","footnotes":""},"class_list":{"0":"post-8050","1":"page","2":"type-page","3":"status-publish","5":"entry"},"_links":{"self":[{"href":"https:\/\/www.nvlogistics.com\/fr\/wp-json\/wp\/v2\/pages\/8050","targetHints":{"allow":["GET"]}}],"collection":[{"href":"https:\/\/www.nvlogistics.com\/fr\/wp-json\/wp\/v2\/pages"}],"about":[{"href":"https:\/\/www.nvlogistics.com\/fr\/wp-json\/wp\/v2\/types\/page"}],"author":[{"embeddable":true,"href":"https:\/\/www.nvlogistics.com\/fr\/wp-json\/wp\/v2\/users\/7"}],"replies":[{"embeddable":true,"href":"https:\/\/www.nvlogistics.com\/fr\/wp-json\/wp\/v2\/comments?post=8050"}],"version-history":[{"count":3,"href":"https:\/\/www.nvlogistics.com\/fr\/wp-json\/wp\/v2\/pages\/8050\/revisions"}],"predecessor-version":[{"id":8056,"href":"https:\/\/www.nvlogistics.com\/fr\/wp-json\/wp\/v2\/pages\/8050\/revisions\/8056"}],"up":[{"embeddable":true,"href":"https:\/\/www.nvlogistics.com\/fr\/wp-json\/wp\/v2\/pages\/5672"}],"wp:attachment":[{"href":"https:\/\/www.nvlogistics.com\/fr\/wp-json\/wp\/v2\/media?parent=8050"}],"curies":[{"name":"wp","href":"https:\/\/api.w.org\/{rel}","templated":true}]}}