{"id":8048,"date":"2019-07-10T13:18:29","date_gmt":"2019-07-10T11:18:29","guid":{"rendered":"https:\/\/www.nvlogistics.com\/?page_id=8048"},"modified":"2026-03-26T10:37:37","modified_gmt":"2026-03-26T09:37:37","slug":"marly-fribourg","status":"publish","type":"page","link":"https:\/\/www.nvlogistics.com\/fr\/services\/logistique-integree\/marly-fribourg\/","title":{"rendered":"Marly, Fribourg"},"content":{"rendered":"<h3>Pour le stockage de vos marchandises au c\u0153ur de la Suisse \u00e0 Marly \/ Fribourg<\/h3>\n<ul>\n<li><img fetchpriority=\"high\" decoding=\"async\" class=\"size-medium wp-image-5668 alignright\" src=\"https:\/\/www.nvlogistics.com\/wp-content\/uploads\/2017\/12\/Image2-300x200.jpg\" alt=\"\" width=\"300\" height=\"200\" srcset=\"https:\/\/www.nvlogistics.com\/wp-content\/uploads\/2017\/12\/Image2-300x200.jpg 300w, https:\/\/www.nvlogistics.com\/wp-content\/uploads\/2017\/12\/Image2.jpg 370w\" sizes=\"(max-width: 300px) 100vw, 300px\" \/>Surface totale : 4&rsquo;500m<sup>2<\/sup><\/li>\n<li>Capacit\u00e9 : env. 3&rsquo;000 palettes EUR<\/li>\n<li>Stockage en \u00e9tag\u00e8res et au sol<\/li>\n<li>Capacit\u00e9 stockage frigorifique +2\u00b0 \u00e0 +8\u00b0: env. 1&rsquo;600 palettes EUR<\/li>\n<li>Pr\u00e9paration de commandes<\/li>\n<li>3 quais de d\u00e9chargement<\/li>\n<li>Acc\u00e8s online aux inventaires<\/li>\n<li>Entrep\u00f4t multi-clients<\/li>\n<li>Gestion du stock par WMS Odoo<\/li>\n<li>Transport international et distribution locale<\/li>\n<li>Situation id\u00e9ale pour distribution suisse au <span lang=\"en\">MIC Marly Innovation Center.<\/span><\/li>\n<\/ul>\n<p>&nbsp;<\/p>\n<div style=\"width: 1920px;\" class=\"wp-video\"><video class=\"wp-video-shortcode\" id=\"video-8048-1\" width=\"1920\" height=\"1080\" autoplay preload=\"metadata\" controls=\"controls\"><source type=\"video\/mp4\" src=\"https:\/\/www.nvlogistics.com\/wp-content\/uploads\/2026\/03\/Rush1-NVLog-Marly-2.mp4?_=1\" \/><a href=\"https:\/\/www.nvlogistics.com\/wp-content\/uploads\/2026\/03\/Rush1-NVLog-Marly-2.mp4\">https:\/\/www.nvlogistics.com\/wp-content\/uploads\/2026\/03\/Rush1-NVLog-Marly-2.mp4<\/a><\/video><\/div>\n","protected":false},"excerpt":{"rendered":"<p>Pour le stockage de vos marchandises au c\u0153ur de la Suisse \u00e0 Marly \/ Fribourg Surface totale : 4&rsquo;500m2 Capacit\u00e9 : env. 3&rsquo;000 palettes EUR Stockage en \u00e9tag\u00e8res et au sol Capacit\u00e9 stockage frigorifique +2\u00b0 \u00e0 +8\u00b0: env. 1&rsquo;600 palettes EUR Pr\u00e9paration de commandes 3 quais de d\u00e9chargement Acc\u00e8s online aux inventaires Entrep\u00f4t multi-clients Gestion [&hellip;]<\/p>\n","protected":false},"author":7,"featured_media":0,"parent":5672,"menu_order":0,"comment_status":"closed","ping_status":"closed","template":"","meta":{"_genesis_hide_title":false,"_genesis_hide_breadcrumbs":false,"_genesis_hide_singular_image":false,"_genesis_hide_footer_widgets":false,"_genesis_custom_body_class":"","_genesis_custom_post_class":"","_genesis_layout":"","footnotes":""},"class_list":{"0":"post-8048","1":"page","2":"type-page","3":"status-publish","5":"entry"},"_links":{"self":[{"href":"https:\/\/www.nvlogistics.com\/fr\/wp-json\/wp\/v2\/pages\/8048","targetHints":{"allow":["GET"]}}],"collection":[{"href":"https:\/\/www.nvlogistics.com\/fr\/wp-json\/wp\/v2\/pages"}],"about":[{"href":"https:\/\/www.nvlogistics.com\/fr\/wp-json\/wp\/v2\/types\/page"}],"author":[{"embeddable":true,"href":"https:\/\/www.nvlogistics.com\/fr\/wp-json\/wp\/v2\/users\/7"}],"replies":[{"embeddable":true,"href":"https:\/\/www.nvlogistics.com\/fr\/wp-json\/wp\/v2\/comments?post=8048"}],"version-history":[{"count":4,"href":"https:\/\/www.nvlogistics.com\/fr\/wp-json\/wp\/v2\/pages\/8048\/revisions"}],"predecessor-version":[{"id":11288,"href":"https:\/\/www.nvlogistics.com\/fr\/wp-json\/wp\/v2\/pages\/8048\/revisions\/11288"}],"up":[{"embeddable":true,"href":"https:\/\/www.nvlogistics.com\/fr\/wp-json\/wp\/v2\/pages\/5672"}],"wp:attachment":[{"href":"https:\/\/www.nvlogistics.com\/fr\/wp-json\/wp\/v2\/media?parent=8048"}],"curies":[{"name":"wp","href":"https:\/\/api.w.org\/{rel}","templated":true}]}}