{"id":5335,"date":"2017-08-17T11:04:00","date_gmt":"2017-08-17T09:04:00","guid":{"rendered":"https:\/\/www.nvlogistics.com\/services\/events-logistics\/teamium-events-management-platform\/"},"modified":"2017-10-05T15:43:38","modified_gmt":"2017-10-05T13:43:38","slug":"teamium-events-management-platform","status":"publish","type":"page","link":"https:\/\/www.nvlogistics.com\/fr\/services\/events-logistics\/teamium-events-management-platform\/","title":{"rendered":"Logiciel Saas"},"content":{"rendered":"<p><img decoding=\"async\" class=\"aligncenter size-full wp-image-5068\" src=\"https:\/\/www.nvlogistics.com\/wp-content\/uploads\/2017\/07\/events.png\" alt=\"\" width=\"85\" height=\"85\" srcset=\"https:\/\/www.nvlogistics.com\/wp-content\/uploads\/2017\/07\/events.png 85w, https:\/\/www.nvlogistics.com\/wp-content\/uploads\/2017\/07\/events-75x75.png 75w\" sizes=\"(max-width: 85px) 100vw, 85px\" \/><\/p>\n<h2><img decoding=\"async\" class=\"alignnone size-medium wp-image-5344\" src=\"https:\/\/www.nvlogistics.com\/wp-content\/uploads\/2017\/08\/logo_teamium-300x79.png\" alt=\"\" width=\"300\" height=\"79\" \/><\/h2>\n<h2 class=\"null\">Une platforme unique de gestion des \u00e9v\u00e9nements<\/h2>\n<p><img decoding=\"async\" class=\"size-medium wp-image-5363 alignright\" src=\"https:\/\/www.nvlogistics.com\/wp-content\/uploads\/2017\/08\/screenshot_teamium-1-300x153.png\" alt=\"\" width=\"300\" height=\"153\" \/><\/p>\n<div>Lors de l&rsquo;envoi d&rsquo;\u00e9quipements et pour assurer un service complet autour d&rsquo;un \u00e9v\u00e9nement &#8211; comme en finaliser la production, qu&rsquo;il s&rsquo;agisse d&rsquo;une comp\u00e9tition de sport, d&rsquo;un \u00e9v\u00e9nement de sponsoring ou d&rsquo;une exposition de marchandises, il se peut que vous recouriez encore \u00e0 des solutions simples ou plus anciennes. Cela demande de passer plus de temps au t\u00e9l\u00e9phone, \u00e0 \u00e9crire des mails et partager des documents ou de traquer chaque ressource disponible et de jongler avec les horaires. Cela vous prend des heures au lieu de quelques minutes, des jours au lieu de quelques heures de planifier et g\u00e9rer la logistique de l&rsquo;\u00e9v\u00e9nement.<\/div>\n<div><\/div>\n<div>\n<p>NV Logisitics a conclu un partenariat avec Softvall\u00e9e pour vous proposer les meilleurs instruments possibles pour g\u00e9rer la production des \u00e9v\u00e9nements via le cloud. Tout cela gr\u00e2ce \u00e0 une plateforme r\u00e9volutionnaire appel\u00e9e\u00a0<strong>Teamium\u00ae.\u00a0<\/strong><\/p>\n<\/div>\n<blockquote>\n<div><strong>A la cl\u00e9: une plus grande visibilit\u00e9, un meilleur tra\u00e7age et moins de stress.<\/strong><\/div>\n<\/blockquote>\n<div>\n<p><strong>Teamium\u00ae <\/strong>fait passer le processus de gestion de\u00a0la production des \u00e9v\u00e9nements \u00e0 l&rsquo;aire digitale avec sa plateforme SaaS centralis\u00e9e r\u00e9volutionnaire et unique sur le march\u00e9.<\/p>\n<ul>\n<li style=\"text-align: left;\">Nos clients peuvent acc\u00e9der en tout temps \u00e0 leur projet personnel et\u00a0suivre \u00e0 la trace tout le processus et les statuts d&rsquo;\u00e9volution de leur projet.<\/li>\n<li style=\"text-align: left;\"><strong>Vous collaborez plus efficacement gr\u00e2ce \u00e0 la possibilit\u00e9 d&rsquo;ajouter des notes ou des commentaires en tout temps.\u00a0<\/strong><\/li>\n<li style=\"text-align: left;\">La planification de tous les projets d\u2019\u00e9v\u00e9nements est disponible dans l&rsquo;agenda, un rappel de la deadline vous est envoy\u00e9 directement depuis la console de supervision de NV Logistics.<\/li>\n<li style=\"text-align: left;\"><strong>D\u00e9p\u00f4t d&rsquo;inventaires<\/strong>: entrer les donn\u00e9es de tous vos \u00e9quipements et colis dans notre syst\u00e8me d&rsquo;administration de <strong>carnets\u00a0ATA<\/strong>, vous recevez un <strong>rapport<\/strong> et une <strong>liste des marchandises emball\u00e9es<\/strong> en un clic.<\/li>\n<li style=\"text-align: left;\"><strong>Economisez un temps pr\u00e9cieux <\/strong>en enregistrant tous\u00a0vos\u00a0\u00e9quipements dans le cloud via notre application\u00a0et <strong>r\u00e9duisez<\/strong> le <strong>risque d&rsquo;erreurs<\/strong> qui peuvent s\u00e9rieusement compromettre la tenue de vos <strong>deadlines<\/strong>.<\/li>\n<\/ul>\n<\/div>\n","protected":false},"excerpt":{"rendered":"<p>Une platforme unique de gestion des \u00e9v\u00e9nements Lors de l&rsquo;envoi d&rsquo;\u00e9quipements et pour assurer un service complet autour d&rsquo;un \u00e9v\u00e9nement &#8211; comme en finaliser la production, qu&rsquo;il s&rsquo;agisse d&rsquo;une comp\u00e9tition de sport, d&rsquo;un \u00e9v\u00e9nement de sponsoring ou d&rsquo;une exposition de marchandises, il se peut que vous recouriez encore \u00e0 des solutions simples ou plus anciennes. [&hellip;]<\/p>\n","protected":false},"author":2,"featured_media":0,"parent":4233,"menu_order":0,"comment_status":"closed","ping_status":"closed","template":"","meta":{"_genesis_hide_title":false,"_genesis_hide_breadcrumbs":false,"_genesis_hide_singular_image":false,"_genesis_hide_footer_widgets":false,"_genesis_custom_body_class":"","_genesis_custom_post_class":"","_genesis_layout":"","footnotes":""},"class_list":{"0":"post-5335","1":"page","2":"type-page","3":"status-publish","5":"entry"},"_links":{"self":[{"href":"https:\/\/www.nvlogistics.com\/fr\/wp-json\/wp\/v2\/pages\/5335","targetHints":{"allow":["GET"]}}],"collection":[{"href":"https:\/\/www.nvlogistics.com\/fr\/wp-json\/wp\/v2\/pages"}],"about":[{"href":"https:\/\/www.nvlogistics.com\/fr\/wp-json\/wp\/v2\/types\/page"}],"author":[{"embeddable":true,"href":"https:\/\/www.nvlogistics.com\/fr\/wp-json\/wp\/v2\/users\/2"}],"replies":[{"embeddable":true,"href":"https:\/\/www.nvlogistics.com\/fr\/wp-json\/wp\/v2\/comments?post=5335"}],"version-history":[{"count":29,"href":"https:\/\/www.nvlogistics.com\/fr\/wp-json\/wp\/v2\/pages\/5335\/revisions"}],"predecessor-version":[{"id":5619,"href":"https:\/\/www.nvlogistics.com\/fr\/wp-json\/wp\/v2\/pages\/5335\/revisions\/5619"}],"up":[{"embeddable":true,"href":"https:\/\/www.nvlogistics.com\/fr\/wp-json\/wp\/v2\/pages\/4233"}],"wp:attachment":[{"href":"https:\/\/www.nvlogistics.com\/fr\/wp-json\/wp\/v2\/media?parent=5335"}],"curies":[{"name":"wp","href":"https:\/\/api.w.org\/{rel}","templated":true}]}}