{"id":4984,"date":"2017-06-26T18:46:21","date_gmt":"2017-06-26T16:46:21","guid":{"rendered":"https:\/\/www.nvlogistics.com\/?page_id=4984\/"},"modified":"2026-03-26T10:41:46","modified_gmt":"2026-03-26T09:41:46","slug":"innovation","status":"publish","type":"page","link":"https:\/\/www.nvlogistics.com\/fr\/qui-sommes-nous\/innovation\/","title":{"rendered":"Innovation"},"content":{"rendered":"<p>Suivi et localisation des envois, monitoring de la temp\u00e9rature, s\u00e9curisation de\u00a0marchandises ? Notre point fort est l&rsquo;innovation.<\/p>\n<p>Nous sommes constamment \u00e0 la recherche de nouvelles solutions et nous utilisons les derni\u00e8res technologies pour satisfaire \u00e0 toutes les exigences de nos clients.<\/p>\n<p>Nous travaillons avec vous, pour vous.<\/p>\n","protected":false},"excerpt":{"rendered":"<p>Suivi et localisation des envois, monitoring de la temp\u00e9rature, s\u00e9curisation de\u00a0marchandises ? Notre point fort est l&rsquo;innovation. Nous sommes constamment \u00e0 la recherche de nouvelles solutions et nous utilisons les derni\u00e8res technologies pour satisfaire \u00e0 toutes les exigences de nos clients. Nous travaillons avec vous, pour vous.<\/p>\n","protected":false},"author":1,"featured_media":0,"parent":4219,"menu_order":0,"comment_status":"closed","ping_status":"closed","template":"","meta":{"_genesis_hide_title":false,"_genesis_hide_breadcrumbs":false,"_genesis_hide_singular_image":false,"_genesis_hide_footer_widgets":false,"_genesis_custom_body_class":"","_genesis_custom_post_class":"","_genesis_layout":"","footnotes":""},"class_list":{"0":"post-4984","1":"page","2":"type-page","3":"status-publish","5":"entry"},"_links":{"self":[{"href":"https:\/\/www.nvlogistics.com\/fr\/wp-json\/wp\/v2\/pages\/4984","targetHints":{"allow":["GET"]}}],"collection":[{"href":"https:\/\/www.nvlogistics.com\/fr\/wp-json\/wp\/v2\/pages"}],"about":[{"href":"https:\/\/www.nvlogistics.com\/fr\/wp-json\/wp\/v2\/types\/page"}],"author":[{"embeddable":true,"href":"https:\/\/www.nvlogistics.com\/fr\/wp-json\/wp\/v2\/users\/1"}],"replies":[{"embeddable":true,"href":"https:\/\/www.nvlogistics.com\/fr\/wp-json\/wp\/v2\/comments?post=4984"}],"version-history":[{"count":18,"href":"https:\/\/www.nvlogistics.com\/fr\/wp-json\/wp\/v2\/pages\/4984\/revisions"}],"predecessor-version":[{"id":11293,"href":"https:\/\/www.nvlogistics.com\/fr\/wp-json\/wp\/v2\/pages\/4984\/revisions\/11293"}],"up":[{"embeddable":true,"href":"https:\/\/www.nvlogistics.com\/fr\/wp-json\/wp\/v2\/pages\/4219"}],"wp:attachment":[{"href":"https:\/\/www.nvlogistics.com\/fr\/wp-json\/wp\/v2\/media?parent=4984"}],"curies":[{"name":"wp","href":"https:\/\/api.w.org\/{rel}","templated":true}]}}