{"id":4279,"date":"2014-08-29T00:00:00","date_gmt":"2014-08-29T00:00:00","guid":{"rendered":"https:\/\/www.nvlogistics.com\/?page_id=4279\/"},"modified":"2026-03-26T10:46:26","modified_gmt":"2026-03-26T09:46:26","slug":"qualite","status":"publish","type":"page","link":"https:\/\/www.nvlogistics.com\/fr\/qualite\/","title":{"rendered":"Qualit\u00e9"},"content":{"rendered":"<p>NV Logistics est conforme aux <a href=\"#gdp\">Bonnes Pratiques de Distribution<\/a> actuelles et \u00e0 <a href=\"#dangerous\">l\u2019ordonnance sur les conseillers \u00e0 la s\u00e9curit\u00e9<\/a>. NV Logistics a obtenu le label myClimate <a href=\"https:\/\/www.nvlogistics.com\/fr\/qualite\/certification-environnementale\/\">pour la compensation de ses \u00e9missions de CO2<\/a>.<\/p>\n<h2 id=\"gdp\">Bonnes Pratiques de Distribution (BPD)<\/h2>\n<p>Pour cr\u00e9er et impl\u00e9menter ses Bonnes Pratiques de Distribution, NV Logistics s\u2019est octroy\u00e9 les services d\u2019un conseiller \u00e0 la qualit\u00e9 externe.<\/p>\n<p><img decoding=\"async\" class=\"size-full wp-image-443 alignleft\" src=\"https:\/\/www.nvlogistics.com\/wp-content\/uploads\/2014\/09\/gdp.png\" alt=\"\" width=\"205\" height=\"114\" \/><\/p>\n<p>Jean-Fran\u00e7ois Fusco est un professionnel hautement qualifi\u00e9 avec une exp\u00e9rience de plus de 35 ans dans l\u2019industriede la logistique pharmaceutique et de la sant\u00e9.<\/p>\n<p>Le syst\u00e8me de qualit\u00e9 de NV Logistics est conforme aux normes GDP (Good Distribution Practice), \u00e9mises par l\u2019OMS et l\u2019EMA (European Medicines Agency)<\/p>\n<p>&nbsp;<\/p>\n<h2 id=\"dangerous\">Mati\u00e8res dangereuses<\/h2>\n<p><img decoding=\"async\" class=\"alignright size-medium wp-image-485\" src=\"https:\/\/www.nvlogistics.com\/wp-content\/uploads\/2014\/08\/danger-hero-300x150.jpg\" alt=\"\" width=\"300\" height=\"150\" srcset=\"https:\/\/www.nvlogistics.com\/wp-content\/uploads\/2014\/08\/danger-hero-300x150.jpg 300w, https:\/\/www.nvlogistics.com\/wp-content\/uploads\/2014\/08\/danger-hero-768x384.jpg 768w, https:\/\/www.nvlogistics.com\/wp-content\/uploads\/2014\/08\/danger-hero-1024x512.jpg 1024w, https:\/\/www.nvlogistics.com\/wp-content\/uploads\/2014\/08\/danger-hero.jpg 1800w\" sizes=\"(max-width: 300px) 100vw, 300px\" \/>Conform\u00e9ment \u00e0 l\u2019ordonnance sur les conseillers \u00e0 la s\u00e9curit\u00e9, NV Logistics a d\u00e9sign\u00e9 un conseiller \u00e0 la s\u00e9curit\u00e9 externe, charg\u00e9 de mettre en place et de contr\u00f4ler la conformit\u00e9 du transport, de la documentation et de l\u2019emballage des marchandises r\u00e9glement\u00e9es.<\/p>\n<p>Ceci est particuli\u00e8rement important en cas de transport de substances potentiellement infectieuses de classe de danger 6.2.<\/p>\n","protected":false},"excerpt":{"rendered":"<p>NV Logistics est conforme aux Bonnes Pratiques de Distribution actuelles et \u00e0 l\u2019ordonnance sur les conseillers \u00e0 la s\u00e9curit\u00e9. NV Logistics a obtenu le label myClimate pour la compensation de ses \u00e9missions de CO2. Bonnes Pratiques de Distribution (BPD) Pour cr\u00e9er et impl\u00e9menter ses Bonnes Pratiques de Distribution, NV Logistics s\u2019est octroy\u00e9 les services d\u2019un [&hellip;]<\/p>\n","protected":false},"author":1,"featured_media":0,"parent":0,"menu_order":4,"comment_status":"open","ping_status":"closed","template":"","meta":{"_genesis_hide_title":false,"_genesis_hide_breadcrumbs":false,"_genesis_hide_singular_image":false,"_genesis_hide_footer_widgets":false,"_genesis_custom_body_class":"","_genesis_custom_post_class":"","_genesis_layout":"","footnotes":""},"class_list":{"0":"post-4279","1":"page","2":"type-page","3":"status-publish","5":"entry"},"_links":{"self":[{"href":"https:\/\/www.nvlogistics.com\/fr\/wp-json\/wp\/v2\/pages\/4279","targetHints":{"allow":["GET"]}}],"collection":[{"href":"https:\/\/www.nvlogistics.com\/fr\/wp-json\/wp\/v2\/pages"}],"about":[{"href":"https:\/\/www.nvlogistics.com\/fr\/wp-json\/wp\/v2\/types\/page"}],"author":[{"embeddable":true,"href":"https:\/\/www.nvlogistics.com\/fr\/wp-json\/wp\/v2\/users\/1"}],"replies":[{"embeddable":true,"href":"https:\/\/www.nvlogistics.com\/fr\/wp-json\/wp\/v2\/comments?post=4279"}],"version-history":[{"count":18,"href":"https:\/\/www.nvlogistics.com\/fr\/wp-json\/wp\/v2\/pages\/4279\/revisions"}],"predecessor-version":[{"id":11295,"href":"https:\/\/www.nvlogistics.com\/fr\/wp-json\/wp\/v2\/pages\/4279\/revisions\/11295"}],"wp:attachment":[{"href":"https:\/\/www.nvlogistics.com\/fr\/wp-json\/wp\/v2\/media?parent=4279"}],"curies":[{"name":"wp","href":"https:\/\/api.w.org\/{rel}","templated":true}]}}