{"id":4254,"date":"2017-04-11T14:11:26","date_gmt":"2017-04-11T14:11:26","guid":{"rendered":"https:\/\/www.nvlogistics.com\/?page_id=4254\/"},"modified":"2025-05-15T08:53:51","modified_gmt":"2025-05-15T06:53:51","slug":"contact","status":"publish","type":"page","link":"https:\/\/www.nvlogistics.com\/fr\/contact\/","title":{"rendered":"Contact"},"content":{"rendered":"<p>&nbsp;<\/p>\n<div class=\"gps-flexbox\">\n<div class=\"gps-item\">\n<div class=\"gps-content\">\n<h3>Geneva Airport<\/h3>\n<div>\n<p>NV Logistics<\/p>\n<p>B\u00e2timent fret cargo &#8211; Porte 1<\/p>\n<p>Etage Mezzanine &#8211; Bureau 014<\/p>\n<p>Case postale 1117<\/p>\n<p>1211 Gen\u00e8ve A\u00e9roport<\/p>\n<p>Switzerland<\/p>\n<p>Tel.+41.22.566.40.00<\/p>\n<\/div>\n<p><iframe style=\"border: 0;\" src=\"https:\/\/www.google.com\/maps\/embed?pb=!1m18!1m12!1m3!1d2759.5894061791423!2d6.114810415509127!3d46.23850937911777!2m3!1f0!2f0!3f0!3m2!1i1024!2i768!4f13.1!3m3!1m2!1s0x478c7adc354d954f%3A0xa4f3dd5f40fb49b0!2sNV+Logistics!5e0!3m2!1sfr!2stn!4v1552994064798\" height=\"300\" frameborder=\"0\" allowfullscreen=\"allowfullscreen\" data-mce-fragment=\"1\"><\/iframe><\/p>\n<\/div>\n<\/div>\n<div class=\"gps-item\">\n<div class=\"gps-content\">\n<h3>Satigny (Entrep\u00f4t)<\/h3>\n<div>\n<p>NV Logistics<\/p>\n<p>Rue du Pr\u00e9-de-la Fontaine 19<\/p>\n<p>1242 Satigny<\/p>\n<p>Switzerland<\/p>\n<p>Tel.+41.22.566.40.00<\/p>\n<\/div>\n<p><iframe style=\"border: 0;\" src=\"https:\/\/www.google.com\/maps\/embed?pb=!1m18!1m12!1m3!1d2760.395758336205!2d6.050091515508546!3d46.222473979117275!2m3!1f0!2f0!3f0!3m2!1i1024!2i768!4f13.1!3m3!1m2!1s0x0%3A0x4b55cd7f5d925ab4!2sNV+Logistics+Satigny!5e0!3m2!1sfr!2stn!4v1552994166528\" height=\"300\" frameborder=\"0\" allowfullscreen=\"allowfullscreen\" data-mce-fragment=\"1\"><\/iframe><\/p>\n<\/div>\n<\/div>\n<div class=\"gps-item\">\n<div class=\"gps-content\">\n<h3>Marly<\/h3>\n<div>\n<p>NV Logistics<\/p>\n<p>c\/o Marly Innovation Center<\/p>\n<p>Rte de l&rsquo;Ancienne Papeterie 250<\/p>\n<p>CH-1723<\/p>\n<p>Switzerland<\/p>\n<p>Tel.+41.22.566.40.00<\/p>\n<\/div>\n<p><iframe style=\"border: 0;\" src=\"https:\/\/www.google.com\/maps\/embed?pb=!1m18!1m12!1m3!1d2732.4373509404804!2d7.149459251644699!3d46.77598587903605!2m3!1f0!2f0!3f0!3m2!1i1024!2i768!4f13.1!3m3!1m2!1s0x478e68b7efa3472d%3A0x30a9379362e5c97b!2sRoute%20Ancienne%20Papeterie%20250%2C%201723%20Marly!5e0!3m2!1sfr!2sch!4v1613482497077!5m2!1sfr!2sch\" height=\"300\" frameborder=\"0\" allowfullscreen=\"allowfullscreen\" data-mce-fragment=\"1\"><span data-mce-type=\"bookmark\" style=\"display: inline-block; width: 0px; overflow: hidden; line-height: 0;\" class=\"mce_SELRES_start\">\ufeff<\/span><\/iframe><\/p>\n<\/div>\n<\/div>\n<\/div>\n","protected":false},"excerpt":{"rendered":"<p>&nbsp; Geneva Airport NV Logistics B\u00e2timent fret cargo &#8211; Porte 1 Etage Mezzanine &#8211; Bureau 014 Case postale 1117 1211 Gen\u00e8ve A\u00e9roport Switzerland Tel.+41.22.566.40.00 Satigny (Entrep\u00f4t) NV Logistics Rue du Pr\u00e9-de-la Fontaine 19 1242 Satigny Switzerland Tel.+41.22.566.40.00 Marly NV Logistics c\/o Marly Innovation Center Rte de l&rsquo;Ancienne Papeterie 250 CH-1723 Switzerland Tel.+41.22.566.40.00 \ufeff<\/p>\n","protected":false},"author":1,"featured_media":0,"parent":0,"menu_order":4,"comment_status":"open","ping_status":"closed","template":"","meta":{"_genesis_hide_title":false,"_genesis_hide_breadcrumbs":false,"_genesis_hide_singular_image":false,"_genesis_hide_footer_widgets":false,"_genesis_custom_body_class":"","_genesis_custom_post_class":"","_genesis_layout":"full-width-content","footnotes":""},"class_list":{"0":"post-4254","1":"page","2":"type-page","3":"status-publish","5":"entry"},"_links":{"self":[{"href":"https:\/\/www.nvlogistics.com\/fr\/wp-json\/wp\/v2\/pages\/4254","targetHints":{"allow":["GET"]}}],"collection":[{"href":"https:\/\/www.nvlogistics.com\/fr\/wp-json\/wp\/v2\/pages"}],"about":[{"href":"https:\/\/www.nvlogistics.com\/fr\/wp-json\/wp\/v2\/types\/page"}],"author":[{"embeddable":true,"href":"https:\/\/www.nvlogistics.com\/fr\/wp-json\/wp\/v2\/users\/1"}],"replies":[{"embeddable":true,"href":"https:\/\/www.nvlogistics.com\/fr\/wp-json\/wp\/v2\/comments?post=4254"}],"version-history":[{"count":54,"href":"https:\/\/www.nvlogistics.com\/fr\/wp-json\/wp\/v2\/pages\/4254\/revisions"}],"predecessor-version":[{"id":11242,"href":"https:\/\/www.nvlogistics.com\/fr\/wp-json\/wp\/v2\/pages\/4254\/revisions\/11242"}],"wp:attachment":[{"href":"https:\/\/www.nvlogistics.com\/fr\/wp-json\/wp\/v2\/media?parent=4254"}],"curies":[{"name":"wp","href":"https:\/\/api.w.org\/{rel}","templated":true}]}}