{"id":4244,"date":"2017-04-11T14:10:46","date_gmt":"2017-04-11T14:10:46","guid":{"rendered":"https:\/\/www.nvlogistics.com\/?page_id=4244\/"},"modified":"2018-08-05T13:20:15","modified_gmt":"2018-08-05T11:20:15","slug":"thermologgers","status":"publish","type":"page","link":"https:\/\/www.nvlogistics.com\/fr\/services\/vital-logistics\/thermologgers\/","title":{"rendered":"Capteurs de temp\u00e9rature"},"content":{"rendered":"<p>Sur demande, NV Logistics vous propose plusieurs types de capteurs de temp\u00e9rature en fonctions de vos besoins.<\/p>\n<p>Tous nos capteurs sont \u00e9quip\u00e9s d\u2019une prise USB int\u00e9gr\u00e9e. Gr\u00e2ce au t\u00e9l\u00e9chargement du logiciel gratuit \u00ab\u00a0Log-Ic\u00a9\u00a0\u00bb vous pouvez obtenir imm\u00e9diatement un rapport au format PDF avec les donn\u00e9es compl\u00e8tes enregistr\u00e9es durant le transport. (<a href=\"https:\/\/www.nvlogistics.com\/wp-content\/uploads\/2014\/08\/rapport.pdf\"> exemple de rapport <\/a>)<\/p>\n<p>Ces capteurs, fournis par notre partenaire Evidencia, sont certifi\u00e9s selon les normes NF EN 12830 et OMS\/WHO PQS E06\/TR05-VP.<\/p>\n<div class=\"one-third first\">\n<figure id=\"attachment_279\" aria-describedby=\"caption-attachment-279\" style=\"width: 250px\" class=\"wp-caption aligncenter\"><img decoding=\"async\" class=\"size-full wp-image-279\" src=\"https:\/\/www.nvlogistics.com\/wp-content\/uploads\/2014\/08\/timestrip.gif\" alt=\"Indicateur de temps\/temp\u00e9rature irr\u00e9versible\" width=\"250\" height=\"122\" \/><figcaption id=\"caption-attachment-279\" class=\"wp-caption-text\">Indicateur de temps\/temp\u00e9rature irr\u00e9versible<\/figcaption><\/figure>\n<\/div>\n<div class=\"one-third\">\n<figure id=\"attachment_277\" aria-describedby=\"caption-attachment-277\" style=\"width: 300px\" class=\"wp-caption aligncenter\"><img fetchpriority=\"high\" decoding=\"async\" class=\"size-medium wp-image-277\" src=\"https:\/\/www.nvlogistics.com\/wp-content\/uploads\/2014\/08\/logger1.jpg\" alt=\"Capteur RFID USB avec sonde multi-utilisations ou utilisation unique \" width=\"300\" height=\"180\" srcset=\"https:\/\/www.nvlogistics.com\/wp-content\/uploads\/2014\/08\/logger1.jpg 431w, https:\/\/www.nvlogistics.com\/wp-content\/uploads\/2014\/08\/logger1-300x181.jpg 300w\" sizes=\"(max-width: 300px) 100vw, 300px\" \/><figcaption id=\"caption-attachment-277\" class=\"wp-caption-text\">Capteur RFID USB avec sonde multi-usages ou utilisation unique<\/figcaption><\/figure>\n<\/div>\n<div class=\"one-third\">\n<figure id=\"attachment_278\" aria-describedby=\"caption-attachment-278\" style=\"width: 300px\" class=\"wp-caption aligncenter\"><img decoding=\"async\" class=\"size-medium wp-image-278\" src=\"https:\/\/www.nvlogistics.com\/wp-content\/uploads\/2014\/08\/logger2.jpg\" alt=\"Capteur RFID USB multi-utilisations ou utilisation unique \" width=\"300\" height=\"180\" srcset=\"https:\/\/www.nvlogistics.com\/wp-content\/uploads\/2014\/08\/logger2.jpg 431w, https:\/\/www.nvlogistics.com\/wp-content\/uploads\/2014\/08\/logger2-300x181.jpg 300w\" sizes=\"(max-width: 300px) 100vw, 300px\" \/><figcaption id=\"caption-attachment-278\" class=\"wp-caption-text\">Capteur RFID USB multi-usages ou utilisation unique<\/figcaption><\/figure>\n<\/div>\n","protected":false},"excerpt":{"rendered":"<p>Sur demande, NV Logistics vous propose plusieurs types de capteurs de temp\u00e9rature en fonctions de vos besoins. Tous nos capteurs sont \u00e9quip\u00e9s d\u2019une prise USB int\u00e9gr\u00e9e. Gr\u00e2ce au t\u00e9l\u00e9chargement du logiciel gratuit \u00ab\u00a0Log-Ic\u00a9\u00a0\u00bb vous pouvez obtenir imm\u00e9diatement un rapport au format PDF avec les donn\u00e9es compl\u00e8tes enregistr\u00e9es durant le transport. ( exemple de rapport ) [&hellip;]<\/p>\n","protected":false},"author":1,"featured_media":0,"parent":4240,"menu_order":0,"comment_status":"open","ping_status":"closed","template":"","meta":{"_genesis_hide_title":false,"_genesis_hide_breadcrumbs":false,"_genesis_hide_singular_image":false,"_genesis_hide_footer_widgets":false,"_genesis_custom_body_class":"","_genesis_custom_post_class":"","_genesis_layout":"content-sidebar","footnotes":""},"class_list":{"0":"post-4244","1":"page","2":"type-page","3":"status-publish","5":"entry"},"_links":{"self":[{"href":"https:\/\/www.nvlogistics.com\/fr\/wp-json\/wp\/v2\/pages\/4244","targetHints":{"allow":["GET"]}}],"collection":[{"href":"https:\/\/www.nvlogistics.com\/fr\/wp-json\/wp\/v2\/pages"}],"about":[{"href":"https:\/\/www.nvlogistics.com\/fr\/wp-json\/wp\/v2\/types\/page"}],"author":[{"embeddable":true,"href":"https:\/\/www.nvlogistics.com\/fr\/wp-json\/wp\/v2\/users\/1"}],"replies":[{"embeddable":true,"href":"https:\/\/www.nvlogistics.com\/fr\/wp-json\/wp\/v2\/comments?post=4244"}],"version-history":[{"count":8,"href":"https:\/\/www.nvlogistics.com\/fr\/wp-json\/wp\/v2\/pages\/4244\/revisions"}],"predecessor-version":[{"id":6096,"href":"https:\/\/www.nvlogistics.com\/fr\/wp-json\/wp\/v2\/pages\/4244\/revisions\/6096"}],"up":[{"embeddable":true,"href":"https:\/\/www.nvlogistics.com\/fr\/wp-json\/wp\/v2\/pages\/4240"}],"wp:attachment":[{"href":"https:\/\/www.nvlogistics.com\/fr\/wp-json\/wp\/v2\/media?parent=4244"}],"curies":[{"name":"wp","href":"https:\/\/api.w.org\/{rel}","templated":true}]}}