{"id":4243,"date":"2017-04-11T14:10:42","date_gmt":"2017-04-11T14:10:42","guid":{"rendered":"https:\/\/www.nvlogistics.com\/?page_id=4243\/"},"modified":"2018-08-05T13:21:32","modified_gmt":"2018-08-05T11:21:32","slug":"emballage-isotherme","status":"publish","type":"page","link":"https:\/\/www.nvlogistics.com\/fr\/services\/vital-logistics\/emballage-isotherme\/","title":{"rendered":"Emballage isotherme"},"content":{"rendered":"<p>NV Logistics vous propose diff\u00e9rents type d\u2019emballages isothermes destin\u00e9s \u00e0 transporter vos envois en les prot\u00e9geant des variations de temp\u00e9rature.<\/p>\n<h2>Solutions d\u2019emballages pour transports r\u00e9frig\u00e9r\u00e9s<\/h2>\n<p>NV Logistics a choisi les emballages fabriqu\u00e9s par la soci\u00e9t\u00e9 <a href=\"https:\/\/www.nvlogistics.com\/fr\/services\/vital-logistics\/isothermal-packaging\/coldpack-technology\/\">Coldpack<\/a>\u00ae.<\/p>\n<p>La technologie Airliner\u00ae utilis\u00e9e est une solution innovante: un emballage isolant gonflable pour le transport de marchandises sous temp\u00e9rature contr\u00f4l\u00e9e. Dans des domaines aussi exigeants que l\u2019industrie pharmaceutique, Airliner\u00ae pr\u00e9serve les envois des chocs physiques et thermiques. Ses performances in\u00e9gal\u00e9es sont la garantie d\u2019une s\u00e9curit\u00e9 totale lors de l\u2019exp\u00e9dition de produits sensibles :<\/p>\n<ul>\n<li>Temp\u00e9rature ambiante<\/li>\n<li>R\u00e9frig\u00e9ration +2\u00b0 \u00e0 +8\u00b0 C<\/li>\n<\/ul>\n<p>Ces emballages sont vendus sous forme de kit pr\u00eats au transport. Ils peuvent \u00eatre livr\u00e9s lors de l\u2019enl\u00e8vement de vos envois par notre chauffeur.<\/p>\n<h2>Vital Extrem<\/h2>\n<p>Emballages de 5 et 10 litres (protocole de froid correspondant inclus) destin\u00e9s \u00e0 conserver les produits entre +2 et +8 \u00b0C pendant <strong>12 heures<\/strong> maximum en \u00e9t\u00e9 comme en hiver.<\/p>\n<h2>Vital Express Premium<\/h2>\n<p>Emballages de 5 et 10 litres (protocole de froid correspondant inclus) destin\u00e9s \u00e0 conserver les produits entre +2 et +8 \u00b0C pendant <strong>24 heures<\/strong> maximum en \u00e9t\u00e9 comme en hiver.<\/p>\n<h2>Vital Express<\/h2>\n<p>Emballages de 5 et 10 litres (protocole de froid correspondant inclus) destin\u00e9s \u00e0 conserver les produits entre +2 et +8 \u00b0C pendant <strong>72 heures<\/strong> maximum en \u00e9t\u00e9 comme en hiver.<\/p>\n","protected":false},"excerpt":{"rendered":"<p>NV Logistics vous propose diff\u00e9rents type d\u2019emballages isothermes destin\u00e9s \u00e0 transporter vos envois en les prot\u00e9geant des variations de temp\u00e9rature. Solutions d\u2019emballages pour transports r\u00e9frig\u00e9r\u00e9s NV Logistics a choisi les emballages fabriqu\u00e9s par la soci\u00e9t\u00e9 Coldpack\u00ae. La technologie Airliner\u00ae utilis\u00e9e est une solution innovante: un emballage isolant gonflable pour le transport de marchandises sous temp\u00e9rature [&hellip;]<\/p>\n","protected":false},"author":1,"featured_media":0,"parent":4240,"menu_order":0,"comment_status":"open","ping_status":"closed","template":"","meta":{"_genesis_hide_title":false,"_genesis_hide_breadcrumbs":false,"_genesis_hide_singular_image":false,"_genesis_hide_footer_widgets":false,"_genesis_custom_body_class":"","_genesis_custom_post_class":"","_genesis_layout":"content-sidebar","footnotes":""},"class_list":{"0":"post-4243","1":"page","2":"type-page","3":"status-publish","5":"entry"},"_links":{"self":[{"href":"https:\/\/www.nvlogistics.com\/fr\/wp-json\/wp\/v2\/pages\/4243","targetHints":{"allow":["GET"]}}],"collection":[{"href":"https:\/\/www.nvlogistics.com\/fr\/wp-json\/wp\/v2\/pages"}],"about":[{"href":"https:\/\/www.nvlogistics.com\/fr\/wp-json\/wp\/v2\/types\/page"}],"author":[{"embeddable":true,"href":"https:\/\/www.nvlogistics.com\/fr\/wp-json\/wp\/v2\/users\/1"}],"replies":[{"embeddable":true,"href":"https:\/\/www.nvlogistics.com\/fr\/wp-json\/wp\/v2\/comments?post=4243"}],"version-history":[{"count":7,"href":"https:\/\/www.nvlogistics.com\/fr\/wp-json\/wp\/v2\/pages\/4243\/revisions"}],"predecessor-version":[{"id":6097,"href":"https:\/\/www.nvlogistics.com\/fr\/wp-json\/wp\/v2\/pages\/4243\/revisions\/6097"}],"up":[{"embeddable":true,"href":"https:\/\/www.nvlogistics.com\/fr\/wp-json\/wp\/v2\/pages\/4240"}],"wp:attachment":[{"href":"https:\/\/www.nvlogistics.com\/fr\/wp-json\/wp\/v2\/media?parent=4243"}],"curies":[{"name":"wp","href":"https:\/\/api.w.org\/{rel}","templated":true}]}}