{"id":4242,"date":"2017-04-11T14:10:35","date_gmt":"2017-04-11T14:10:35","guid":{"rendered":"https:\/\/www.nvlogistics.com\/?page_id=4242\/"},"modified":"2017-09-29T18:12:51","modified_gmt":"2017-09-29T16:12:51","slug":"chaine-du-froid","status":"publish","type":"page","link":"https:\/\/www.nvlogistics.com\/fr\/services\/vital-logistics\/chaine-du-froid\/","title":{"rendered":"Chaine du froid"},"content":{"rendered":"<p>NV Log vous offre une solution compl\u00e8te pour assurer l\u2019int\u00e9grit\u00e9 de la cha\u00eene du froid gr\u00e2ce aux technologies de pointe d\u00e9velopp\u00e9es par nos partenaires.<\/p>\n<ul>\n<li>Emballages Isothermes<\/li>\n<li>Capteurs de temp\u00e9rature \u00e9lectroniques<\/li>\n<li>Indicateurs temps\/temp\u00e9rature irr\u00e9versibles<\/li>\n<\/ul>\n<p>Les donn\u00e9es collect\u00e9es durant le transport sont imm\u00e9diatement accessibles au d\u00e9ballage de la marchandise. Il vous suffit de t\u00e9l\u00e9charger le logiciel gratuit Log-Ic\u00ae, de l\u2019installer et de connecter notre capteur USB \u00e0 votre PC\/Mac. En deux clics, vous obtiendrez un rapport PDF complet sur les donn\u00e9es enregistr\u00e9es.<\/p>\n","protected":false},"excerpt":{"rendered":"<p>NV Log vous offre une solution compl\u00e8te pour assurer l\u2019int\u00e9grit\u00e9 de la cha\u00eene du froid gr\u00e2ce aux technologies de pointe d\u00e9velopp\u00e9es par nos partenaires. Emballages Isothermes Capteurs de temp\u00e9rature \u00e9lectroniques Indicateurs temps\/temp\u00e9rature irr\u00e9versibles Les donn\u00e9es collect\u00e9es durant le transport sont imm\u00e9diatement accessibles au d\u00e9ballage de la marchandise. Il vous suffit de t\u00e9l\u00e9charger le logiciel gratuit [&hellip;]<\/p>\n","protected":false},"author":1,"featured_media":0,"parent":4240,"menu_order":0,"comment_status":"open","ping_status":"closed","template":"","meta":{"_genesis_hide_title":false,"_genesis_hide_breadcrumbs":false,"_genesis_hide_singular_image":false,"_genesis_hide_footer_widgets":false,"_genesis_custom_body_class":"","_genesis_custom_post_class":"","_genesis_layout":"content-sidebar","footnotes":""},"class_list":{"0":"post-4242","1":"page","2":"type-page","3":"status-publish","5":"entry"},"_links":{"self":[{"href":"https:\/\/www.nvlogistics.com\/fr\/wp-json\/wp\/v2\/pages\/4242","targetHints":{"allow":["GET"]}}],"collection":[{"href":"https:\/\/www.nvlogistics.com\/fr\/wp-json\/wp\/v2\/pages"}],"about":[{"href":"https:\/\/www.nvlogistics.com\/fr\/wp-json\/wp\/v2\/types\/page"}],"author":[{"embeddable":true,"href":"https:\/\/www.nvlogistics.com\/fr\/wp-json\/wp\/v2\/users\/1"}],"replies":[{"embeddable":true,"href":"https:\/\/www.nvlogistics.com\/fr\/wp-json\/wp\/v2\/comments?post=4242"}],"version-history":[{"count":4,"href":"https:\/\/www.nvlogistics.com\/fr\/wp-json\/wp\/v2\/pages\/4242\/revisions"}],"predecessor-version":[{"id":5559,"href":"https:\/\/www.nvlogistics.com\/fr\/wp-json\/wp\/v2\/pages\/4242\/revisions\/5559"}],"up":[{"embeddable":true,"href":"https:\/\/www.nvlogistics.com\/fr\/wp-json\/wp\/v2\/pages\/4240"}],"wp:attachment":[{"href":"https:\/\/www.nvlogistics.com\/fr\/wp-json\/wp\/v2\/media?parent=4242"}],"curies":[{"name":"wp","href":"https:\/\/api.w.org\/{rel}","templated":true}]}}