{"id":4240,"date":"2017-04-11T14:10:21","date_gmt":"2017-04-11T14:10:21","guid":{"rendered":"https:\/\/www.nvlogistics.com\/?page_id=4240\/"},"modified":"2026-03-26T10:17:50","modified_gmt":"2026-03-26T09:17:50","slug":"vital-logistics","status":"publish","type":"page","link":"https:\/\/www.nvlogistics.com\/fr\/services\/vital-logistics\/","title":{"rendered":"Vital Logistics"},"content":{"rendered":"<p><img decoding=\"async\" class=\"aligncenter size-full wp-image-5070\" src=\"https:\/\/www.nvlogistics.com\/wp-content\/uploads\/2017\/07\/vital.png\" alt=\"\" width=\"85\" height=\"85\" srcset=\"https:\/\/www.nvlogistics.com\/wp-content\/uploads\/2017\/07\/vital.png 85w, https:\/\/www.nvlogistics.com\/wp-content\/uploads\/2017\/07\/vital-75x75.png 75w\" sizes=\"(max-width: 85px) 100vw, 85px\" \/><\/p>\n<p><img fetchpriority=\"high\" decoding=\"async\" class=\"alignright size-medium wp-image-998\" src=\"https:\/\/www.nvlogistics.com\/wp-content\/uploads\/2014\/11\/Vital-Logistics-vehicle-400px-300x223.jpeg\" alt=\"\" width=\"300\" height=\"223\" srcset=\"https:\/\/www.nvlogistics.com\/wp-content\/uploads\/2014\/11\/Vital-Logistics-vehicle-400px-300x223.jpeg 300w, https:\/\/www.nvlogistics.com\/wp-content\/uploads\/2014\/11\/Vital-Logistics-vehicle-400px.jpeg 400w\" sizes=\"(max-width: 300px) 100vw, 300px\" \/>Avec son service Vital Logistics, NV Logistics vous offre une large palette de solutions logistiques qui permettent de garantir l\u2019int\u00e9grit\u00e9 de la cha\u00eene du froid durant le transport d\u2019\u00e9chantillons cliniques et de produits pharmaceutiques.<\/p>\n<p>NV Logistics poss\u00e8de un r\u00e9seau\u00a0mondial\u00a0d\u2019agents et des solutions technologiques de pointe pour assurer une tra\u00e7abilit\u00e9 sans faille, notamment gr\u00e2ce aux liens de confiance \u00e9tablis avec ses partenaires logistiques et technologiques.<\/p>\n<p>Le syst\u00e8me de management de la qualit\u00e9 (QMS) de NV Logistics applique les r\u00e8gles GDP (Good Distribution Practice) en vigueur pour le transport et l\u2019entreposage de produits pharmaceutiques.<\/p>\n","protected":false},"excerpt":{"rendered":"<p>Avec son service Vital Logistics, NV Logistics vous offre une large palette de solutions logistiques qui permettent de garantir l\u2019int\u00e9grit\u00e9 de la cha\u00eene du froid durant le transport d\u2019\u00e9chantillons cliniques et de produits pharmaceutiques. NV Logistics poss\u00e8de un r\u00e9seau\u00a0mondial\u00a0d\u2019agents et des solutions technologiques de pointe pour assurer une tra\u00e7abilit\u00e9 sans faille, notamment gr\u00e2ce aux liens [&hellip;]<\/p>\n","protected":false},"author":1,"featured_media":0,"parent":4227,"menu_order":0,"comment_status":"closed","ping_status":"closed","template":"","meta":{"_genesis_hide_title":false,"_genesis_hide_breadcrumbs":false,"_genesis_hide_singular_image":false,"_genesis_hide_footer_widgets":false,"_genesis_custom_body_class":"","_genesis_custom_post_class":"","_genesis_layout":"content-sidebar","footnotes":""},"class_list":{"0":"post-4240","1":"page","2":"type-page","3":"status-publish","5":"entry"},"_links":{"self":[{"href":"https:\/\/www.nvlogistics.com\/fr\/wp-json\/wp\/v2\/pages\/4240","targetHints":{"allow":["GET"]}}],"collection":[{"href":"https:\/\/www.nvlogistics.com\/fr\/wp-json\/wp\/v2\/pages"}],"about":[{"href":"https:\/\/www.nvlogistics.com\/fr\/wp-json\/wp\/v2\/types\/page"}],"author":[{"embeddable":true,"href":"https:\/\/www.nvlogistics.com\/fr\/wp-json\/wp\/v2\/users\/1"}],"replies":[{"embeddable":true,"href":"https:\/\/www.nvlogistics.com\/fr\/wp-json\/wp\/v2\/comments?post=4240"}],"version-history":[{"count":12,"href":"https:\/\/www.nvlogistics.com\/fr\/wp-json\/wp\/v2\/pages\/4240\/revisions"}],"predecessor-version":[{"id":11285,"href":"https:\/\/www.nvlogistics.com\/fr\/wp-json\/wp\/v2\/pages\/4240\/revisions\/11285"}],"up":[{"embeddable":true,"href":"https:\/\/www.nvlogistics.com\/fr\/wp-json\/wp\/v2\/pages\/4227"}],"wp:attachment":[{"href":"https:\/\/www.nvlogistics.com\/fr\/wp-json\/wp\/v2\/media?parent=4240"}],"curies":[{"name":"wp","href":"https:\/\/api.w.org\/{rel}","templated":true}]}}