{"id":4235,"date":"2017-04-11T14:10:11","date_gmt":"2017-04-11T14:10:11","guid":{"rendered":"https:\/\/www.nvlogistics.com\/?page_id=4235\/"},"modified":"2017-09-27T16:18:24","modified_gmt":"2017-09-27T14:18:24","slug":"visual-cockpit","status":"publish","type":"page","link":"https:\/\/www.nvlogistics.com\/fr\/services\/visual-cockpit\/","title":{"rendered":"Visual Cockpit"},"content":{"rendered":"<p><img decoding=\"async\" class=\"aligncenter size-full wp-image-5066\" src=\"https:\/\/www.nvlogistics.com\/wp-content\/uploads\/2017\/07\/cockpit.png\" alt=\"\" width=\"85\" height=\"85\" srcset=\"https:\/\/www.nvlogistics.com\/wp-content\/uploads\/2017\/07\/cockpit.png 85w, https:\/\/www.nvlogistics.com\/wp-content\/uploads\/2017\/07\/cockpit-75x75.png 75w\" sizes=\"(max-width: 85px) 100vw, 85px\" \/><\/p>\n<p>Notre plateforme de gestion des envois in ligne baptis\u00e9e <strong>Visual Cockpit<\/strong> (SaaS) est un logiciel de logistique rentable \u00e0 la pointe de l&rsquo;innovation. Ses points forts sont:<\/p>\n<ul>\n<li>La r\u00e9duction de la complexit\u00e9 des envois gr\u00e2ce \u00e0 une vue d&rsquo;ensemble sur toute la cha\u00eene logistique. Notre logiciel peut \u00eatre utilis\u00e9 par tout le monde, n&rsquo;importe o\u00f9.<\/li>\n<li>Avoir les donn\u00e9es logistiques \u00e0 disposition en tout temps permet d&rsquo;anticiper les probl\u00e8mes et le cas \u00e9ch\u00e9ant, d&rsquo;intervenir de mani\u00e8re proactive pour assurer une livraison \u00e0 la hauteur des attentes du client.<\/li>\n<li>Modifications et insertions \u00e0 tout moment et r\u00e9duction de la charge de travail<\/li>\n<li>Administration locale<\/li>\n<\/ul>\n<h2>Suivi des envois<\/h2>\n<p><img fetchpriority=\"high\" decoding=\"async\" class=\"alignright size-medium wp-image-4777\" src=\"https:\/\/www.nvlogistics.com\/wp-content\/uploads\/2017\/02\/analytics-296x300.jpg\" alt=\"\" width=\"296\" height=\"300\" srcset=\"https:\/\/www.nvlogistics.com\/wp-content\/uploads\/2017\/02\/analytics-296x300.jpg 296w, https:\/\/www.nvlogistics.com\/wp-content\/uploads\/2017\/02\/analytics-75x75.jpg 75w, https:\/\/www.nvlogistics.com\/wp-content\/uploads\/2017\/02\/analytics.jpg 609w\" sizes=\"(max-width: 296px) 100vw, 296px\" \/>Le suivi des envois est le coeur de notre plateforme de gestion des envois. Cela comprend de nombreuses fonctionnalit\u00e9s disponibles sous forme de logiciel avec un syst\u00e8me de services (SaaS).<\/p>\n<ul>\n<li>Envois quotidiens, donn\u00e9es 100% live, alertes en temps r\u00e9el bas\u00e9es sur les donn\u00e9es , POD<\/li>\n<li>Suivi et tra\u00e7age, tra\u00e7age du d\u00e9but \u00e0 la fin des op\u00e9rations, notifications de chaque changement de statut<\/li>\n<li>Historique des envois, l&rsquo;ensemble des informations sur le parcours des envois sont disponibles<\/li>\n<li>Instrument de report des donn\u00e9es, configuration &amp; customisation de vos tableaux et de vos reports de donn\u00e9es<\/li>\n<li>Facturation: permet le recoupement et la pr\u00e9paration des factures de transports.<\/li>\n<\/ul>\n<h2>Cockpit des donn\u00e9es<\/h2>\n<p><img decoding=\"async\" class=\"alignright size-medium wp-image-4778\" src=\"https:\/\/www.nvlogistics.com\/wp-content\/uploads\/2017\/02\/cockpit-300x300.jpg\" alt=\"\" width=\"300\" height=\"300\" srcset=\"https:\/\/www.nvlogistics.com\/wp-content\/uploads\/2017\/02\/cockpit-300x300.jpg 300w, https:\/\/www.nvlogistics.com\/wp-content\/uploads\/2017\/02\/cockpit-150x150.jpg 150w, https:\/\/www.nvlogistics.com\/wp-content\/uploads\/2017\/02\/cockpit-75x75.jpg 75w, https:\/\/www.nvlogistics.com\/wp-content\/uploads\/2017\/02\/cockpit-600x600.jpg 600w, https:\/\/www.nvlogistics.com\/wp-content\/uploads\/2017\/02\/cockpit.jpg 693w\" sizes=\"(max-width: 300px) 100vw, 300px\" \/>C&rsquo;est gr\u00e2ce au cockpit des donn\u00e9es que vous pouvez customiser compl\u00e8tement les reports de donn\u00e9es et les tableaux g\u00e9n\u00e9r\u00e9s sur la base de chaque \u00e9v\u00e9nement.<\/p>\n<ul>\n<li>Cockpit Basics, filtre et recherche, registres de l&rsquo;historique, exports Excel, gestion du profil et nombreuses autres fonctionnalit\u00e9s.<\/li>\n<li>Customisation, parce qu&rsquo;une configuration ne correspond pas aux besoins de tout le monde, et qu&rsquo;ainsi les bonnes donn\u00e9es sont disponibles pour les personnes qui doivent les voir.<\/li>\n<li>Tableau de bord, les \u00e9quipes du service client et des op\u00e9rations ont acc\u00e8s au tableau de bord qui affiche les op\u00e9rations particuli\u00e8rement critiques.<\/li>\n<\/ul>\n<h2>Retours \u2013 Logistique invers\u00e9e<\/h2>\n<p>Les envois en retour sont un secteur clef pour \u00e0 la fois optimiser l&rsquo;exp\u00e9rience du client et assurer l&rsquo;efficacit\u00e9 des op\u00e9rations.<\/p>\n<p><strong>Pour vos clients<\/strong>, parce qu&rsquo;ils s&rsquo;attendent lorsqu&rsquo;ils doivent retourner un objet \u00e0 ce que ce soit aussi simple que possible. Toutes les informations li\u00e9es au produit sont disponibles, pas de saisie manuelle de donn\u00e9es.<\/p>\n<p><strong>Pour vos op\u00e9rations<\/strong>, moins de frais de support gr\u00e2ce \u00e0 un service-service destin\u00e9 \u00e0 vos clients, parce que rien n&rsquo;est plus important qu&rsquo;une gestion optimale de vos frais .<\/p>\n<h2>Securit\u00e9 des donn\u00e9es<\/h2>\n<p><img loading=\"lazy\" decoding=\"async\" class=\"alignright size-medium wp-image-4779\" src=\"https:\/\/www.nvlogistics.com\/wp-content\/uploads\/2017\/02\/saas-297x300.jpg\" alt=\"\" width=\"297\" height=\"300\" srcset=\"https:\/\/www.nvlogistics.com\/wp-content\/uploads\/2017\/02\/saas-297x300.jpg 297w, https:\/\/www.nvlogistics.com\/wp-content\/uploads\/2017\/02\/saas-75x75.jpg 75w, https:\/\/www.nvlogistics.com\/wp-content\/uploads\/2017\/02\/saas.jpg 406w\" sizes=\"(max-width: 297px) 100vw, 297px\" \/>Lors de la transmission des donn\u00e9es depuis le serveur frontal au serveur backend, une variable qui doit \u00eatre prot\u00e9g\u00e9e est contamin\u00e9e. Le serveur backend g\u00e9n\u00e8re un hachage unique combin\u00e9 \u00e0 une variable et communique ce hachage au serveur frontal. Le serveur frontal renvoie la variable et le hachage \u00e0 chaque transmission. Le serveur backend contr\u00f4le ensuite que le hachage correspond \u00e0 la variable.<br \/>\nToutes les donn\u00e9es g\u00e9n\u00e9r\u00e9es par le syst\u00e8me sont conserv\u00e9es dans un registre externe au serveur, elles ne sont pas accessibles directement.<\/p>\n","protected":false},"excerpt":{"rendered":"<p>Notre plateforme de gestion des envois in ligne baptis\u00e9e Visual Cockpit (SaaS) est un logiciel de logistique rentable \u00e0 la pointe de l&rsquo;innovation. Ses points forts sont: La r\u00e9duction de la complexit\u00e9 des envois gr\u00e2ce \u00e0 une vue d&rsquo;ensemble sur toute la cha\u00eene logistique. Notre logiciel peut \u00eatre utilis\u00e9 par tout le monde, n&rsquo;importe o\u00f9. [&hellip;]<\/p>\n","protected":false},"author":1,"featured_media":0,"parent":4227,"menu_order":0,"comment_status":"closed","ping_status":"closed","template":"","meta":{"_genesis_hide_title":false,"_genesis_hide_breadcrumbs":false,"_genesis_hide_singular_image":false,"_genesis_hide_footer_widgets":false,"_genesis_custom_body_class":"","_genesis_custom_post_class":"","_genesis_layout":"","footnotes":""},"class_list":{"0":"post-4235","1":"page","2":"type-page","3":"status-publish","5":"entry"},"_links":{"self":[{"href":"https:\/\/www.nvlogistics.com\/fr\/wp-json\/wp\/v2\/pages\/4235","targetHints":{"allow":["GET"]}}],"collection":[{"href":"https:\/\/www.nvlogistics.com\/fr\/wp-json\/wp\/v2\/pages"}],"about":[{"href":"https:\/\/www.nvlogistics.com\/fr\/wp-json\/wp\/v2\/types\/page"}],"author":[{"embeddable":true,"href":"https:\/\/www.nvlogistics.com\/fr\/wp-json\/wp\/v2\/users\/1"}],"replies":[{"embeddable":true,"href":"https:\/\/www.nvlogistics.com\/fr\/wp-json\/wp\/v2\/comments?post=4235"}],"version-history":[{"count":17,"href":"https:\/\/www.nvlogistics.com\/fr\/wp-json\/wp\/v2\/pages\/4235\/revisions"}],"predecessor-version":[{"id":5523,"href":"https:\/\/www.nvlogistics.com\/fr\/wp-json\/wp\/v2\/pages\/4235\/revisions\/5523"}],"up":[{"embeddable":true,"href":"https:\/\/www.nvlogistics.com\/fr\/wp-json\/wp\/v2\/pages\/4227"}],"wp:attachment":[{"href":"https:\/\/www.nvlogistics.com\/fr\/wp-json\/wp\/v2\/media?parent=4235"}],"curies":[{"name":"wp","href":"https:\/\/api.w.org\/{rel}","templated":true}]}}