{"id":4234,"date":"2017-04-11T14:10:05","date_gmt":"2017-04-11T14:10:05","guid":{"rendered":"https:\/\/www.nvlogistics.com\/?page_id=4234\/"},"modified":"2017-09-23T16:45:35","modified_gmt":"2017-09-23T14:45:35","slug":"lotus-line","status":"publish","type":"page","link":"https:\/\/www.nvlogistics.com\/fr\/services\/lotus-line\/","title":{"rendered":"Lotus Line"},"content":{"rendered":"<p><img decoding=\"async\" class=\"aligncenter size-full wp-image-5069\" src=\"https:\/\/www.nvlogistics.com\/wp-content\/uploads\/2017\/07\/lotus.png\" alt=\"\" width=\"85\" height=\"85\" srcset=\"https:\/\/www.nvlogistics.com\/wp-content\/uploads\/2017\/07\/lotus.png 85w, https:\/\/www.nvlogistics.com\/wp-content\/uploads\/2017\/07\/lotus-75x75.png 75w\" sizes=\"(max-width: 85px) 100vw, 85px\" \/><\/p>\n<p><img fetchpriority=\"high\" decoding=\"async\" class=\"alignright size-full wp-image-4746\" src=\"https:\/\/www.nvlogistics.com\/wp-content\/uploads\/2015\/02\/Lotus-400.jpg\" alt=\"\" width=\"400\" height=\"300\" srcset=\"https:\/\/www.nvlogistics.com\/wp-content\/uploads\/2015\/02\/Lotus-400.jpg 400w, https:\/\/www.nvlogistics.com\/wp-content\/uploads\/2015\/02\/Lotus-400-300x225.jpg 300w\" sizes=\"(max-width: 400px) 100vw, 400px\" \/><\/p>\n<p>Fort de son exp\u00e9rience dans le transport maritime, NV Logistics vous offre un nouveau service LCL unique au d\u00e9part des pays suivants :<\/p>\n<p>Australie \u2013 Chine \u2013 Cor\u00e9e du sud \u2013 Hong Kong \u2013 Indon\u00e9sie \u2013 Japon \u2013 Malaisie \u2013 Nouvelle Z\u00e9lande \u2013 Singapour \u2013 Sri Lanka \u2013 Tha\u00eflande \u2013 Ta\u00efwan \u2013 Vietnam<\/p>\n<p>Notre service direct Asie\/Gen\u00e8ve CFS vous offre les possibilit\u00e9s suivantes :<\/p>\n<ul>\n<li>Temps de transit r\u00e9duit (jusqu\u2019\u00e0 10 jours de moins que les services existants)<\/li>\n<li>D\u00e9part hebdomadaire<\/li>\n<li>Maximum un transbordement sur l&rsquo;oc\u00e9an et d\u00e9potage des containers limit\u00e9 au strict n\u00e9cessaire \u00e0 Gen\u00e8ve<\/li>\n<li>Possibilit\u00e9 de recevoir des photos de vos colis une fois charg\u00e9s dans le container afin de garantir l\u2019\u00e9tat au chargement<\/li>\n<\/ul>\n","protected":false},"excerpt":{"rendered":"<p>Fort de son exp\u00e9rience dans le transport maritime, NV Logistics vous offre un nouveau service LCL unique au d\u00e9part des pays suivants : Australie \u2013 Chine \u2013 Cor\u00e9e du sud \u2013 Hong Kong \u2013 Indon\u00e9sie \u2013 Japon \u2013 Malaisie \u2013 Nouvelle Z\u00e9lande \u2013 Singapour \u2013 Sri Lanka \u2013 Tha\u00eflande \u2013 Ta\u00efwan \u2013 Vietnam Notre service [&hellip;]<\/p>\n","protected":false},"author":1,"featured_media":0,"parent":4227,"menu_order":0,"comment_status":"closed","ping_status":"closed","template":"","meta":{"_genesis_hide_title":false,"_genesis_hide_breadcrumbs":false,"_genesis_hide_singular_image":false,"_genesis_hide_footer_widgets":false,"_genesis_custom_body_class":"","_genesis_custom_post_class":"","_genesis_layout":"","footnotes":""},"class_list":{"0":"post-4234","1":"page","2":"type-page","3":"status-publish","5":"entry"},"_links":{"self":[{"href":"https:\/\/www.nvlogistics.com\/fr\/wp-json\/wp\/v2\/pages\/4234","targetHints":{"allow":["GET"]}}],"collection":[{"href":"https:\/\/www.nvlogistics.com\/fr\/wp-json\/wp\/v2\/pages"}],"about":[{"href":"https:\/\/www.nvlogistics.com\/fr\/wp-json\/wp\/v2\/types\/page"}],"author":[{"embeddable":true,"href":"https:\/\/www.nvlogistics.com\/fr\/wp-json\/wp\/v2\/users\/1"}],"replies":[{"embeddable":true,"href":"https:\/\/www.nvlogistics.com\/fr\/wp-json\/wp\/v2\/comments?post=4234"}],"version-history":[{"count":7,"href":"https:\/\/www.nvlogistics.com\/fr\/wp-json\/wp\/v2\/pages\/4234\/revisions"}],"predecessor-version":[{"id":5477,"href":"https:\/\/www.nvlogistics.com\/fr\/wp-json\/wp\/v2\/pages\/4234\/revisions\/5477"}],"up":[{"embeddable":true,"href":"https:\/\/www.nvlogistics.com\/fr\/wp-json\/wp\/v2\/pages\/4227"}],"wp:attachment":[{"href":"https:\/\/www.nvlogistics.com\/fr\/wp-json\/wp\/v2\/media?parent=4234"}],"curies":[{"name":"wp","href":"https:\/\/api.w.org\/{rel}","templated":true}]}}