{"id":4233,"date":"2017-04-11T14:10:01","date_gmt":"2017-04-11T14:10:01","guid":{"rendered":"https:\/\/www.nvlogistics.com\/?page_id=4233\/"},"modified":"2025-05-15T15:58:05","modified_gmt":"2025-05-15T13:58:05","slug":"events-logistics","status":"publish","type":"page","link":"https:\/\/www.nvlogistics.com\/fr\/services\/events-logistics\/","title":{"rendered":"Events Logistics"},"content":{"rendered":"<p><img decoding=\"async\" class=\"aligncenter size-full wp-image-5068\" src=\"https:\/\/www.nvlogistics.com\/wp-content\/uploads\/2017\/07\/events.png\" alt=\"\" width=\"85\" height=\"85\" srcset=\"https:\/\/www.nvlogistics.com\/wp-content\/uploads\/2017\/07\/events.png 85w, https:\/\/www.nvlogistics.com\/wp-content\/uploads\/2017\/07\/events-75x75.png 75w\" sizes=\"(max-width: 85px) 100vw, 85px\" \/><\/p>\n<p><img fetchpriority=\"high\" decoding=\"async\" class=\"alignright size-full wp-image-4747\" src=\"https:\/\/www.nvlogistics.com\/wp-content\/uploads\/2015\/02\/events-400.jpg\" alt=\"\" width=\"400\" height=\"300\" srcset=\"https:\/\/www.nvlogistics.com\/wp-content\/uploads\/2015\/02\/events-400.jpg 400w, https:\/\/www.nvlogistics.com\/wp-content\/uploads\/2015\/02\/events-400-300x225.jpg 300w\" sizes=\"(max-width: 400px) 100vw, 400px\" \/><\/p>\n<p>La r\u00e9ussite d\u2019un \u00e9v\u00e8nement sportif, culturel, d&rsquo;une foire ou exposition ne tient souvent qu\u2019\u00e0 un fil. Notre \u00e9quipe Events Logistics vous assistera afin d\u2019anticiper tous les \u00e9ventuels probl\u00e8mes qui pourraient surgir gr\u00e2ce \u00e0 une pr\u00e9paration minutieuse.<\/p>\n<p>Nos points forts pour un \u00e9v\u00e9nement r\u00e9ussi :<\/p>\n<ul>\n<li>Une assistance\u00a0<strong>compl\u00e8te et personnalis\u00e9e<\/strong> depuis la prise de contact jusqu&rsquo;\u00e0 la facturation de votre transport par un de nos sp\u00e9cialistes<\/li>\n<li><strong>L&rsquo;\u00e9tablissement des carnets ATA<\/strong> selon vos besoins avec notre propre compte aupr\u00e8s de la Chambre de Commerce et de l&rsquo;industrie de Gen\u00e8ve<\/li>\n<li>Un <strong>suivi de votre transport<\/strong> et des op\u00e9rations douani\u00e8res de A \u00e0 Z<\/li>\n<li>Un <strong>statut journalier<\/strong> de vos envois<\/li>\n<li>Une <strong>coordination m\u00e9ticuleuse<\/strong> pour ne rien laisser au hasard<\/li>\n<li>Une pr\u00e9sence sur le site de l\u2019\u00e9v\u00e9nement de l\u2019un de nos repr\u00e9sentants pour assurer une <strong>coordination locale et d\u00e9di\u00e9e<\/strong><\/li>\n<li><strong>Des livraisons 24\/24 et 7\/7<\/strong> gr\u00e2ce \u00e0 notre propre flotte de v\u00e9hicules<\/li>\n<\/ul>\n<p>Campagne #chaseyourwatch Maurice Lacroix organis\u00e9e par NV Logistics pour le compte de notre client <a href=\"http:\/\/details.ch\" target=\"_blank\" rel=\"noopener\">details.ch<\/a><\/p>\n<p><iframe src=\"https:\/\/www.youtube.com\/embed\/mxPiLHIRC0U\" width=\"560\" height=\"315\" frameborder=\"0\" allowfullscreen=\"allowfullscreen\"><\/iframe><\/p>\n","protected":false},"excerpt":{"rendered":"<p>La r\u00e9ussite d\u2019un \u00e9v\u00e8nement sportif, culturel, d&rsquo;une foire ou exposition ne tient souvent qu\u2019\u00e0 un fil. Notre \u00e9quipe Events Logistics vous assistera afin d\u2019anticiper tous les \u00e9ventuels probl\u00e8mes qui pourraient surgir gr\u00e2ce \u00e0 une pr\u00e9paration minutieuse. Nos points forts pour un \u00e9v\u00e9nement r\u00e9ussi : Une assistance\u00a0compl\u00e8te et personnalis\u00e9e depuis la prise de contact jusqu&rsquo;\u00e0 la [&hellip;]<\/p>\n","protected":false},"author":1,"featured_media":0,"parent":4227,"menu_order":0,"comment_status":"closed","ping_status":"closed","template":"","meta":{"_genesis_hide_title":false,"_genesis_hide_breadcrumbs":false,"_genesis_hide_singular_image":false,"_genesis_hide_footer_widgets":false,"_genesis_custom_body_class":"","_genesis_custom_post_class":"","_genesis_layout":"","footnotes":""},"class_list":{"0":"post-4233","1":"page","2":"type-page","3":"status-publish","5":"entry"},"_links":{"self":[{"href":"https:\/\/www.nvlogistics.com\/fr\/wp-json\/wp\/v2\/pages\/4233","targetHints":{"allow":["GET"]}}],"collection":[{"href":"https:\/\/www.nvlogistics.com\/fr\/wp-json\/wp\/v2\/pages"}],"about":[{"href":"https:\/\/www.nvlogistics.com\/fr\/wp-json\/wp\/v2\/types\/page"}],"author":[{"embeddable":true,"href":"https:\/\/www.nvlogistics.com\/fr\/wp-json\/wp\/v2\/users\/1"}],"replies":[{"embeddable":true,"href":"https:\/\/www.nvlogistics.com\/fr\/wp-json\/wp\/v2\/comments?post=4233"}],"version-history":[{"count":19,"href":"https:\/\/www.nvlogistics.com\/fr\/wp-json\/wp\/v2\/pages\/4233\/revisions"}],"predecessor-version":[{"id":11247,"href":"https:\/\/www.nvlogistics.com\/fr\/wp-json\/wp\/v2\/pages\/4233\/revisions\/11247"}],"up":[{"embeddable":true,"href":"https:\/\/www.nvlogistics.com\/fr\/wp-json\/wp\/v2\/pages\/4227"}],"wp:attachment":[{"href":"https:\/\/www.nvlogistics.com\/fr\/wp-json\/wp\/v2\/media?parent=4233"}],"curies":[{"name":"wp","href":"https:\/\/api.w.org\/{rel}","templated":true}]}}