{"id":4232,"date":"2017-04-11T14:09:54","date_gmt":"2017-04-11T14:09:54","guid":{"rendered":"https:\/\/www.nvlogistics.com\/?page_id=4232\/"},"modified":"2017-09-02T08:00:23","modified_gmt":"2017-09-02T06:00:23","slug":"critical-logistics","status":"publish","type":"page","link":"https:\/\/www.nvlogistics.com\/fr\/services\/critical-logistics\/","title":{"rendered":"Critical Logistics"},"content":{"rendered":"<p><img decoding=\"async\" class=\"aligncenter size-full wp-image-5067\" src=\"https:\/\/www.nvlogistics.com\/wp-content\/uploads\/2017\/07\/critical.png\" alt=\"\" width=\"84\" height=\"84\" srcset=\"https:\/\/www.nvlogistics.com\/wp-content\/uploads\/2017\/07\/critical.png 84w, https:\/\/www.nvlogistics.com\/wp-content\/uploads\/2017\/07\/critical-75x75.png 75w\" sizes=\"(max-width: 84px) 100vw, 84px\" \/><\/p>\n<p><strong>La performance d\u00e9finie par le temps &#8211; \u00a0Quand ce \u201ctemps\u201d c&rsquo;est de l&rsquo;argent, nous fonctionnons au chronom\u00e8tre<\/strong><\/p>\n<p>Pour vous, chaque seconde a un impact financier et chaque retard dans la cha\u00eene des op\u00e9rations a une cons\u00e9quence et un prix. Nous sommes \u00e0 votre service pour assurer la continuit\u00e9 de vos op\u00e9rations.<\/p>\n<p><img fetchpriority=\"high\" decoding=\"async\" class=\"alignright size-full wp-image-4772\" src=\"https:\/\/www.nvlogistics.com\/wp-content\/uploads\/2017\/02\/Critical-400.jpg\" alt=\"\" width=\"400\" height=\"300\" srcset=\"https:\/\/www.nvlogistics.com\/wp-content\/uploads\/2017\/02\/Critical-400.jpg 400w, https:\/\/www.nvlogistics.com\/wp-content\/uploads\/2017\/02\/Critical-400-300x225.jpg 300w\" sizes=\"(max-width: 400px) 100vw, 400px\" \/><\/p>\n<p>Fort de son exp\u00e9rience dans le transport de pi\u00e8ces d\u00e9tach\u00e9es critiques, NV Logistics vous offre un nouveau service unique qui assure des transports aux d\u00e9lais garantis avec un service personnalis\u00e9 pour la Suisse et l\u2019Europe.<\/p>\n<p>Notre service d\u00e9di\u00e9 r\u00e9pond \u00e0 3 exigences cl\u00e9s :<\/p>\n<ul>\n<li>Disponibilit\u00e9<\/li>\n<li>Ponctualit\u00e9<\/li>\n<li>Transparence<\/li>\n<\/ul>\n<p>Les points forts de ce service:<\/p>\n<ul>\n<li>V\u00e9hicules d\u00e9di\u00e9s<\/li>\n<li>R\u00e9ception des ordres sur pager alphanum\u00e9rique<\/li>\n<li>Service et tarifs sur demande 24h\/24 et 7\/7<\/li>\n<li>Chargement \u00e0 Gen\u00e8ve dans les 45 min. \/ Lausanne 75 min.<\/li>\n<li>Rayon d\u2019action: 1\u2019000 km<\/li>\n<li>Confirmation automatique par email de l\u2019heure de prise en charge et de celle de livraison<\/li>\n<li>Syst\u00e8me de tracking GPS en temps r\u00e9el avec acc\u00e8s personnalis\u00e9 \u00e0 notre portail web<\/li>\n<li>Organisation des formalit\u00e9s douani\u00e8res<\/li>\n<li>Flotte de 8 v\u00e9hicules pouvant charger jusqu\u2019\u00e0 3 palettes<\/li>\n<\/ul>\n<blockquote><p>Je connais M. Moreno (Directeur de NV Logistics) depuis le temps o\u00f9 il travaillait chez un autre transitaire. Nous avons toujours partag\u00e9 la m\u00eame vision de la logistique et des op\u00e9rations de transport et il est ind\u00e9niable que la confiance que j\u2019ai en M. Moreno a jou\u00e9 un r\u00f4le important dans le choix de notre partenaire de transport. Les performances de NV Logistics ont clairement renforc\u00e9 la d\u00e9cision de BOBST \u00e0 utiliser leurs services.<\/p>\n<p><cite>Pierre Schmid<br \/>\nCoordinateur Transport &amp; Logistique au sein de la soci\u00e9t\u00e9 <a href=\"http:\/\/www.bobst.com\/\">BOBST<\/a><br \/>\n(premier fournisseur mondial d\u2019\u00e9quipements et de services pour les fabricants d\u2019emballages sp\u00e9cialistes des bo\u00eetes pliantes, du carton ondul\u00e9 et des mat\u00e9riaux souples).<\/cite><\/p><\/blockquote>\n","protected":false},"excerpt":{"rendered":"<p>La performance d\u00e9finie par le temps &#8211; \u00a0Quand ce \u201ctemps\u201d c&rsquo;est de l&rsquo;argent, nous fonctionnons au chronom\u00e8tre Pour vous, chaque seconde a un impact financier et chaque retard dans la cha\u00eene des op\u00e9rations a une cons\u00e9quence et un prix. Nous sommes \u00e0 votre service pour assurer la continuit\u00e9 de vos op\u00e9rations. Fort de son exp\u00e9rience [&hellip;]<\/p>\n","protected":false},"author":1,"featured_media":0,"parent":4227,"menu_order":0,"comment_status":"closed","ping_status":"closed","template":"","meta":{"_genesis_hide_title":false,"_genesis_hide_breadcrumbs":false,"_genesis_hide_singular_image":false,"_genesis_hide_footer_widgets":false,"_genesis_custom_body_class":"","_genesis_custom_post_class":"","_genesis_layout":"content-sidebar","footnotes":""},"class_list":{"0":"post-4232","1":"page","2":"type-page","3":"status-publish","5":"entry"},"_links":{"self":[{"href":"https:\/\/www.nvlogistics.com\/fr\/wp-json\/wp\/v2\/pages\/4232","targetHints":{"allow":["GET"]}}],"collection":[{"href":"https:\/\/www.nvlogistics.com\/fr\/wp-json\/wp\/v2\/pages"}],"about":[{"href":"https:\/\/www.nvlogistics.com\/fr\/wp-json\/wp\/v2\/types\/page"}],"author":[{"embeddable":true,"href":"https:\/\/www.nvlogistics.com\/fr\/wp-json\/wp\/v2\/users\/1"}],"replies":[{"embeddable":true,"href":"https:\/\/www.nvlogistics.com\/fr\/wp-json\/wp\/v2\/comments?post=4232"}],"version-history":[{"count":9,"href":"https:\/\/www.nvlogistics.com\/fr\/wp-json\/wp\/v2\/pages\/4232\/revisions"}],"predecessor-version":[{"id":5439,"href":"https:\/\/www.nvlogistics.com\/fr\/wp-json\/wp\/v2\/pages\/4232\/revisions\/5439"}],"up":[{"embeddable":true,"href":"https:\/\/www.nvlogistics.com\/fr\/wp-json\/wp\/v2\/pages\/4227"}],"wp:attachment":[{"href":"https:\/\/www.nvlogistics.com\/fr\/wp-json\/wp\/v2\/media?parent=4232"}],"curies":[{"name":"wp","href":"https:\/\/api.w.org\/{rel}","templated":true}]}}