{"id":4227,"date":"2017-04-11T14:09:36","date_gmt":"2017-04-11T14:09:36","guid":{"rendered":"https:\/\/www.nvlogistics.com\/?page_id=4227\/"},"modified":"2026-03-27T17:35:36","modified_gmt":"2026-03-27T16:35:36","slug":"services","status":"publish","type":"page","link":"https:\/\/www.nvlogistics.com\/fr\/services\/","title":{"rendered":"Services"},"content":{"rendered":"<p><img fetchpriority=\"high\" decoding=\"async\" class=\"alignright size-full wp-image-170\" src=\"https:\/\/www.nvlogistics.com\/wp-content\/uploads\/2014\/08\/services-crosstrade.jpg\" alt=\"\" width=\"300\" height=\"300\" srcset=\"https:\/\/www.nvlogistics.com\/wp-content\/uploads\/2014\/08\/services-crosstrade.jpg 300w, https:\/\/www.nvlogistics.com\/wp-content\/uploads\/2014\/08\/services-crosstrade-150x150.jpg 150w, https:\/\/www.nvlogistics.com\/wp-content\/uploads\/2014\/08\/services-crosstrade-75x75.jpg 75w\" sizes=\"(max-width: 300px) 100vw, 300px\" \/>L&rsquo;industrie logistique est pass\u00e9e ma\u00eetre dans la capacit\u00e9 de d\u00e9placer des paquets rapidement autour du globe. La plupart des entreprises de logistiques mesurent leurs performance en fonction de la vitesse \u00e0 laquelle elles peuvent d\u00e9placer un paquet.<\/p>\n<p>Notre nouvelle vision de la logistique est bas\u00e9e sur le fait qu&rsquo;il y a d&rsquo;autres param\u00e8tres, qui, combin\u00e9s \u00e0 la vitesse, permettent d&rsquo;assurer la performance et la comp\u00e9titivit\u00e9 de votre entreprise.<\/p>\n<p>Notre expertise est \u00e0 votre disposition r\u00e9pondre \u00e0 tous vos besoins sp\u00e9cifiques li\u00e9s aux domaines sp\u00e9cialis\u00e9s suivants:<\/p>\n<ul>\n<li>Sciences de la vie\u00a0avec\u00a0<a href=\"https:\/\/www.nvlogistics.com\/fr\/services\/vital-logistics\/\">Vital Logistics<\/a><\/li>\n<li>Gestion globale d&rsquo;\u00e9v\u00e9nements \u00a0avec\u00a0<a href=\"https:\/\/www.nvlogistics.com\/fr\/services\/events-logistics\/\">Event\u00a0Logistics<\/a><\/li>\n<li>Continuit\u00e9 et rapidit\u00e9 des op\u00e9rations avec\u00a0<a href=\"https:\/\/www.nvlogistics.com\/fr\/services\/critical-logistics\/\">Critical\u00a0Logistics<\/a><\/li>\n<li>Envois sp\u00e9cialis\u00e9s par fret maritime avec\u00a0<a href=\"https:\/\/www.nvlogistics.com\/fr\/services\/lotus-line\/\">Lotus\u00a0Line<\/a><\/li>\n<li>Transport de marchandises de Valeurs avec\u00a0 <a href=\"https:\/\/www.nvlogistics.com\/fr\/services\/transport-de-valeurs\/\">F &amp; S Switzerland<\/a><\/li>\n<\/ul>\n<p>Le temps s&rsquo;\u00e9coule \u00e0 la m\u00eame vitesse pour vous que pour nous mais gr\u00e2ce \u00e0 nos services, vous constaterez qu&rsquo;il nous impacte diff\u00e9remment, selon la situation et les besoins de nos clients. Nous appr\u00e9hendons la temporalit\u00e9 d&rsquo;apr\u00e8s les situations dans nos domaines d&rsquo;expertise. Nous pouvons vous proposer des services sp\u00e9cialis\u00e9s en fonction de vos exigences. D\u00e9couvrez comment fonctionne notre temporalit\u00e9 et vous pourrez mesurer nos performances.<\/p>\n","protected":false},"excerpt":{"rendered":"<p>L&rsquo;industrie logistique est pass\u00e9e ma\u00eetre dans la capacit\u00e9 de d\u00e9placer des paquets rapidement autour du globe. La plupart des entreprises de logistiques mesurent leurs performance en fonction de la vitesse \u00e0 laquelle elles peuvent d\u00e9placer un paquet. Notre nouvelle vision de la logistique est bas\u00e9e sur le fait qu&rsquo;il y a d&rsquo;autres param\u00e8tres, qui, combin\u00e9s [&hellip;]<\/p>\n","protected":false},"author":1,"featured_media":0,"parent":0,"menu_order":0,"comment_status":"closed","ping_status":"closed","template":"","meta":{"_genesis_hide_title":false,"_genesis_hide_breadcrumbs":false,"_genesis_hide_singular_image":false,"_genesis_hide_footer_widgets":false,"_genesis_custom_body_class":"","_genesis_custom_post_class":"","_genesis_layout":"","footnotes":""},"class_list":{"0":"post-4227","1":"page","2":"type-page","3":"status-publish","5":"entry"},"_links":{"self":[{"href":"https:\/\/www.nvlogistics.com\/fr\/wp-json\/wp\/v2\/pages\/4227","targetHints":{"allow":["GET"]}}],"collection":[{"href":"https:\/\/www.nvlogistics.com\/fr\/wp-json\/wp\/v2\/pages"}],"about":[{"href":"https:\/\/www.nvlogistics.com\/fr\/wp-json\/wp\/v2\/types\/page"}],"author":[{"embeddable":true,"href":"https:\/\/www.nvlogistics.com\/fr\/wp-json\/wp\/v2\/users\/1"}],"replies":[{"embeddable":true,"href":"https:\/\/www.nvlogistics.com\/fr\/wp-json\/wp\/v2\/comments?post=4227"}],"version-history":[{"count":15,"href":"https:\/\/www.nvlogistics.com\/fr\/wp-json\/wp\/v2\/pages\/4227\/revisions"}],"predecessor-version":[{"id":11357,"href":"https:\/\/www.nvlogistics.com\/fr\/wp-json\/wp\/v2\/pages\/4227\/revisions\/11357"}],"wp:attachment":[{"href":"https:\/\/www.nvlogistics.com\/fr\/wp-json\/wp\/v2\/media?parent=4227"}],"curies":[{"name":"wp","href":"https:\/\/api.w.org\/{rel}","templated":true}]}}