{"id":4226,"date":"2017-04-11T14:09:32","date_gmt":"2017-04-11T14:09:32","guid":{"rendered":"https:\/\/www.nvlogistics.com\/?page_id=4226\/"},"modified":"2021-05-25T14:37:51","modified_gmt":"2021-05-25T12:37:51","slug":"reseaux","status":"publish","type":"page","link":"https:\/\/www.nvlogistics.com\/fr\/qui-sommes-nous\/reseaux\/","title":{"rendered":"Partenaires"},"content":{"rendered":"<h3>R\u00e9seau de transitaires ind\u00e9pendants<\/h3>\n<p>Pour vos transports a\u00e9riens, routiers et maritimes sur les cinq continents, NV Logistics a sign\u00e9 plusieurs accords avec des partenaires sp\u00e9cialis\u00e9s. Nous sommes membres des alliances de <strong>transitaires ind\u00e9pendants<\/strong> suivantes :<\/p>\n<div id='gallery-1' class='gallery galleryid-4226 gallery-columns-4 gallery-size-medium'><figure class='gallery-item'>\n\t\t\t<div class='gallery-icon landscape'>\n\t\t\t\t<img decoding=\"async\" width=\"261\" height=\"119\" src=\"https:\/\/www.nvlogistics.com\/wp-content\/uploads\/2015\/02\/wca-pharma-grey.png\" class=\"attachment-medium size-medium\" alt=\"\" \/>\n\t\t\t<\/div><\/figure><figure class='gallery-item'>\n\t\t\t<div class='gallery-icon landscape'>\n\t\t\t\t<img decoding=\"async\" width=\"261\" height=\"119\" src=\"https:\/\/www.nvlogistics.com\/wp-content\/uploads\/2015\/02\/wca-time.grey_.png\" class=\"attachment-medium size-medium\" alt=\"\" \/>\n\t\t\t<\/div><\/figure><figure class='gallery-item'>\n\t\t\t<div class='gallery-icon landscape'>\n\t\t\t\t<img decoding=\"async\" width=\"261\" height=\"119\" src=\"https:\/\/www.nvlogistics.com\/wp-content\/uploads\/2015\/02\/wca-grey.png\" class=\"attachment-medium size-medium\" alt=\"\" \/>\n\t\t\t<\/div><\/figure><figure class='gallery-item'>\n\t\t\t<div class='gallery-icon landscape'>\n\t\t\t\t<img loading=\"lazy\" decoding=\"async\" width=\"261\" height=\"119\" src=\"https:\/\/www.nvlogistics.com\/wp-content\/uploads\/2015\/02\/sfs-pharma-grey.png\" class=\"attachment-medium size-medium\" alt=\"\" \/>\n\t\t\t<\/div><\/figure>\n\t\t<\/div>\n\n<p>Ces partenariats ont \u00e9t\u00e9 conclus sur la base de crit\u00e8res de qualit\u00e9 et de flexibilit\u00e9 essentiels pour assurer un service irr\u00e9prochable et comp\u00e9titif dans les domaines suivants :<\/p>\n<ul>\n<li>L\u2019entreposage<\/li>\n<li>La distribution<\/li>\n<li>Le tri des marchandises<\/li>\n<li>Le pr\u00e9l\u00e8vement d\u2019\u00e9chantillons<\/li>\n<li>L\u2019emballage<\/li>\n<li>La pr\u00e9paration de commandes<\/li>\n<li>Les formalit\u00e9s de douane<\/li>\n<li>La repr\u00e9sentation fiscale<\/li>\n<\/ul>\n<p>Gr\u00e2ce \u00e0 ce r\u00e9seau, NV Logistics peut vous offrir un service global, personnalis\u00e9 et complet pour vos envois crosstrade triangulaires.<\/p>\n<p>&nbsp;<\/p>\n<h3>Associations\u00a0professionnelles<\/h3>\n<p>NV Logistics est membre des associations professionnelles suivantes:<\/p>\n<div id='gallery-2' class='gallery galleryid-4226 gallery-columns-4 gallery-size-medium'><figure class='gallery-item'>\n\t\t\t<div class='gallery-icon landscape'>\n\t\t\t\t<img loading=\"lazy\" decoding=\"async\" width=\"261\" height=\"119\" src=\"https:\/\/www.nvlogistics.com\/wp-content\/uploads\/2015\/02\/fer-ge-grey.png\" class=\"attachment-medium size-medium\" alt=\"\" \/>\n\t\t\t<\/div><\/figure><figure class='gallery-item'>\n\t\t\t<div class='gallery-icon landscape'>\n\t\t\t\t<img loading=\"lazy\" decoding=\"async\" width=\"261\" height=\"119\" src=\"https:\/\/www.nvlogistics.com\/wp-content\/uploads\/2015\/02\/cvci-grey.png\" class=\"attachment-medium size-medium\" alt=\"\" \/>\n\t\t\t<\/div><\/figure><figure class='gallery-item'>\n\t\t\t<div class='gallery-icon landscape'>\n\t\t\t\t<img loading=\"lazy\" decoding=\"async\" width=\"261\" height=\"119\" src=\"https:\/\/www.nvlogistics.com\/wp-content\/uploads\/2015\/02\/ccig-grey.png\" class=\"attachment-medium size-medium\" alt=\"\" \/>\n\t\t\t<\/div><\/figure><figure class='gallery-item'>\n\t\t\t<div class='gallery-icon landscape'>\n\t\t\t\t<img loading=\"lazy\" decoding=\"async\" width=\"261\" height=\"119\" src=\"https:\/\/www.nvlogistics.com\/wp-content\/uploads\/2015\/02\/spedlogswiss-grey.png\" class=\"attachment-medium size-medium\" alt=\"\" \/>\n\t\t\t<\/div><\/figure><figure class='gallery-item'>\n\t\t\t<div class='gallery-icon landscape'>\n\t\t\t\t<img loading=\"lazy\" decoding=\"async\" width=\"261\" height=\"119\" src=\"https:\/\/www.nvlogistics.com\/wp-content\/uploads\/2015\/02\/iata-cargo-grey.png\" class=\"attachment-medium size-medium\" alt=\"\" \/>\n\t\t\t<\/div><\/figure><figure class='gallery-item'>\n\t\t\t<div class='gallery-icon landscape'>\n\t\t\t\t<img loading=\"lazy\" decoding=\"async\" width=\"261\" height=\"119\" src=\"https:\/\/www.nvlogistics.com\/wp-content\/uploads\/2015\/02\/ssc-grey.png\" class=\"attachment-medium size-medium\" alt=\"\" \/>\n\t\t\t<\/div><\/figure><figure class='gallery-item'>\n\t\t\t<div class='gallery-icon landscape'>\n\t\t\t\t<img loading=\"lazy\" decoding=\"async\" width=\"261\" height=\"119\" src=\"https:\/\/www.nvlogistics.com\/wp-content\/uploads\/2015\/02\/bioalps-grey.png\" class=\"attachment-medium size-medium\" alt=\"\" \/>\n\t\t\t<\/div><\/figure>\n\t\t<\/div>\n\n","protected":false},"excerpt":{"rendered":"<p>R\u00e9seau de transitaires ind\u00e9pendants Pour vos transports a\u00e9riens, routiers et maritimes sur les cinq continents, NV Logistics a sign\u00e9 plusieurs accords avec des partenaires sp\u00e9cialis\u00e9s. Nous sommes membres des alliances de transitaires ind\u00e9pendants suivantes : Ces partenariats ont \u00e9t\u00e9 conclus sur la base de crit\u00e8res de qualit\u00e9 et de flexibilit\u00e9 essentiels pour assurer un service [&hellip;]<\/p>\n","protected":false},"author":1,"featured_media":0,"parent":4219,"menu_order":5,"comment_status":"open","ping_status":"closed","template":"","meta":{"_genesis_hide_title":false,"_genesis_hide_breadcrumbs":false,"_genesis_hide_singular_image":false,"_genesis_hide_footer_widgets":false,"_genesis_custom_body_class":"","_genesis_custom_post_class":"","_genesis_layout":"","footnotes":""},"class_list":{"0":"post-4226","1":"page","2":"type-page","3":"status-publish","5":"entry"},"_links":{"self":[{"href":"https:\/\/www.nvlogistics.com\/fr\/wp-json\/wp\/v2\/pages\/4226","targetHints":{"allow":["GET"]}}],"collection":[{"href":"https:\/\/www.nvlogistics.com\/fr\/wp-json\/wp\/v2\/pages"}],"about":[{"href":"https:\/\/www.nvlogistics.com\/fr\/wp-json\/wp\/v2\/types\/page"}],"author":[{"embeddable":true,"href":"https:\/\/www.nvlogistics.com\/fr\/wp-json\/wp\/v2\/users\/1"}],"replies":[{"embeddable":true,"href":"https:\/\/www.nvlogistics.com\/fr\/wp-json\/wp\/v2\/comments?post=4226"}],"version-history":[{"count":16,"href":"https:\/\/www.nvlogistics.com\/fr\/wp-json\/wp\/v2\/pages\/4226\/revisions"}],"predecessor-version":[{"id":9941,"href":"https:\/\/www.nvlogistics.com\/fr\/wp-json\/wp\/v2\/pages\/4226\/revisions\/9941"}],"up":[{"embeddable":true,"href":"https:\/\/www.nvlogistics.com\/fr\/wp-json\/wp\/v2\/pages\/4219"}],"wp:attachment":[{"href":"https:\/\/www.nvlogistics.com\/fr\/wp-json\/wp\/v2\/media?parent=4226"}],"curies":[{"name":"wp","href":"https:\/\/api.w.org\/{rel}","templated":true}]}}