{"id":4219,"date":"2017-04-11T14:08:29","date_gmt":"2017-04-11T14:08:29","guid":{"rendered":"https:\/\/www.nvlogistics.com\/?page_id=4219\/"},"modified":"2026-03-26T16:39:58","modified_gmt":"2026-03-26T15:39:58","slug":"qui-sommes-nous","status":"publish","type":"page","link":"https:\/\/www.nvlogistics.com\/fr\/qui-sommes-nous\/","title":{"rendered":"Qui sommes nous"},"content":{"rendered":"\t\t<div data-elementor-type=\"wp-page\" data-elementor-id=\"4219\" class=\"elementor elementor-4219 elementor-3956\">\n\t\t\t\t<div class=\"elementor-element elementor-element-716a3d99 e-flex e-con-boxed e-con e-parent\" data-id=\"716a3d99\" data-element_type=\"container\" data-e-type=\"container\">\n\t\t\t\t\t<div class=\"e-con-inner\">\n\t\t\t\t<div class=\"elementor-element elementor-element-102b7cd9 elementor-widget elementor-widget-text-editor\" data-id=\"102b7cd9\" data-element_type=\"widget\" data-e-type=\"widget\" data-widget_type=\"text-editor.default\">\n\t\t\t\t\t\t\t\t\t<p><script src=\"https:\/\/fast.wistia.com\/embed\/medias\/vfpvwh6wz7.jsonp\" async=\"\"><span data-mce-type=\"bookmark\" style=\"display: inline-block; width: 0px; overflow: hidden; line-height: 0;\" class=\"mce_SELRES_start\">\ufeff<\/span><\/script><script src=\"https:\/\/fast.wistia.com\/assets\/external\/E-v1.js\" async=\"\"><\/script><\/p><div class=\"wistia_responsive_padding\" style=\"padding: 56.25% 0px 0px; position: relative;\"><div class=\"wistia_responsive_wrapper\" style=\"height: 100%; left: 0; position: absolute; top: 0; width: 100%;\"><div id=\"wistia_1015.thumb_container\" class=\"wistia_click_to_play\" style=\"position: relative; height: 388.611px; width: 690.885px;\"><div id=\"wistia_1047.thumbnail\" style=\"cursor: pointer; border-radius: 0px; display: block; height: 388.594px; overflow: hidden; outline: none; position: relative; width: 690.868px;\" tabindex=\"0\"><div id=\"wistia_1047.thumbnail_focus_indicator\" style=\"height: 100%; left: 0px; pointer-events: none; position: absolute; top: 0px; width: 100%; z-index: 1;\">\u00a0<\/div><div id=\"wistia_1062.big_play_button_background\" style=\"border-radius: 0px; height: 81px; position: absolute; width: 127px; z-index: 1; background-color: rgba(123, 121, 106, 0.76); left: 282px; top: 154px; transition: 80ms ease-out; mix-blend-mode: normal;\">\u00a0<\/div><div id=\"wistia_1062.big_play_button_graphic\" style=\"background: 0px 0px \/ 127px 81px no-repeat transparent; cursor: pointer; display: block; height: 81px; outline: none; position: absolute; width: 127px; z-index: 1; left: 282px; top: 154px;\" tabindex=\"-1\" role=\"button\" aria-label=\"Play\">\u00a0<\/div><p><img decoding=\"async\" id=\"wistia_1047.thumbnail_img\" style=\"border: 0px; display: block; float: none; height: 388.594px; margin: 0px; max-height: none; max-width: none; padding: 0px; pointer-events: none; position: absolute; width: 690.868px; left: 0px; top: 0px;\" src=\"https:\/\/embed-ssl.wistia.com\/deliveries\/be91247b29ba78c3a4208d46a78aafadc54bf646.webp?image_crop_resized=640x360\" alt=\"Wistia video thumbnail\" \/><\/p><\/div><\/div><\/div><\/div><p>Cr\u00e9\u00e9e par Thierry Moreno NV Logistics a d\u00e9but\u00e9 ses activit\u00e9s en 2010 dans les domaines du transport a\u00e9rien, maritime, routier et triangulaire. Bas\u00e9e, sur le site de l\u2019a\u00e9roport \u00e0 Gen\u00e8ve, NV Logistics b\u00e9n\u00e9ficie d\u2019une situation privil\u00e9gi\u00e9e au c\u0153ur de l\u2019Europe.<\/p><p>En 2011, une succursale avec un entrep\u00f4t de 1500 m2 est ouvert dans la r\u00e9gion de Milan en Italie pour le stockage et le crossdocking de pr\u00eat-\u00e0-porter et accessoires de mode.<\/p><p><img fetchpriority=\"high\" decoding=\"async\" class=\"alignright size-medium wp-image-998\" src=\"https:\/\/www.nvlogistics.com\/wp-content\/uploads\/2014\/11\/Vital-Logistics-vehicle-400px-300x223.jpeg\" alt=\"\" width=\"300\" height=\"223\" srcset=\"https:\/\/www.nvlogistics.com\/wp-content\/uploads\/2014\/11\/Vital-Logistics-vehicle-400px-300x223.jpeg 300w, https:\/\/www.nvlogistics.com\/wp-content\/uploads\/2014\/11\/Vital-Logistics-vehicle-400px.jpeg 400w\" sizes=\"(max-width: 300px) 100vw, 300px\" \/>En 2012, un nouveau service voit le jour, la division \u00ab<a href=\"https:\/\/www.nvlogistics.com\/fr\/services\/vital-logistics\/\">Vital Logistics<\/a> \u00bb, d\u00e9di\u00e9e au stockage et au transport de produits pharmaceutiques et biotechnologiques. Un entrep\u00f4t est ouvert \u00e0 Meyrin et NV Logistics obtient l\u2019accr\u00e9ditation de Swissmedic pour celui-ci.<\/p><p><img decoding=\"async\" class=\"alignleft size-medium wp-image-4746\" src=\"https:\/\/www.nvlogistics.com\/wp-content\/uploads\/2015\/02\/Lotus-400-300x225.jpg\" alt=\"\" width=\"300\" height=\"225\" srcset=\"https:\/\/www.nvlogistics.com\/wp-content\/uploads\/2015\/02\/Lotus-400-300x225.jpg 300w, https:\/\/www.nvlogistics.com\/wp-content\/uploads\/2015\/02\/Lotus-400.jpg 400w\" sizes=\"(max-width: 300px) 100vw, 300px\" \/>En 2013, NV Logistics lance ses services \u00ab <a href=\"https:\/\/www.nvlogistics.com\/fr\/services\/critical-logistics\/\">Critical Logistics<\/a> \u00bb pour les envois urgents et \u00ab <a href=\"https:\/\/www.nvlogistics.com\/fr\/services\/lotus-line\/\">Lotus Line<\/a> \u00bb, service de groupage maritime import direct depuis l\u2019Asie sur Gen\u00e8ve avec une fr\u00e9quence hebdomadaire. Cette m\u00eame ann\u00e9e, NV Logistics prends des participations dans la soci\u00e9t\u00e9 Juko Express situ\u00e9e \u00e0 Collonges-sous-Sal\u00e8ve, en France voisine.<\/p><p><img decoding=\"async\" class=\"alignright size-medium wp-image-4747\" src=\"https:\/\/www.nvlogistics.com\/wp-content\/uploads\/2015\/02\/events-400-300x225.jpg\" alt=\"\" width=\"300\" height=\"225\" srcset=\"https:\/\/www.nvlogistics.com\/wp-content\/uploads\/2015\/02\/events-400-300x225.jpg 300w, https:\/\/www.nvlogistics.com\/wp-content\/uploads\/2015\/02\/events-400.jpg 400w\" sizes=\"(max-width: 300px) 100vw, 300px\" \/>En 2014, NV Logistics lance son service \u00ab <a href=\"https:\/\/www.nvlogistics.com\/fr\/services\/events-logistics\/\">Events Logistics<\/a> \u00bb (organisation de transports pour les foires, expositions et \u00e9v\u00e8nements culturels ou sportifs)<\/p><p>Gr\u00e2ce \u00e0 une croissance exponentielle, l\u2019\u00e9quipe grandit rapidement. Nous comptons actuellement, en 2017, une <a href=\"https:\/\/www.nvlogistics.com\/fr\/qui-sommes-nous\/team\/\">\u00e9quipe<\/a> de 17 personnes \u00e0 Gen\u00e8ve et 12 personnes \u00e0 Milan.<\/p><p class=\"font-claude-response-body break-words whitespace-normal leading-[1.7]\">En 2015, poursuivant sa dynamique de croissance, NV Logistics ouvre une nouvelle succursale \u00e0 Fribourg, en Suisse, renfor\u00e7ant ainsi sa couverture sur le territoire helv\u00e9tique et sa capacit\u00e9 \u00e0 servir une client\u00e8le toujours plus diversifi\u00e9e.<\/p><p class=\"font-claude-response-body break-words whitespace-normal leading-[1.7]\">En 2019, NV Logistics \u00e9tend ses op\u00e9rations avec l&rsquo;ouverture d&rsquo;un site \u00e0 Satigny, en Suisse, offrant de nouvelles capacit\u00e9s logistiques et d&rsquo;entreposage pour accompagner le d\u00e9veloppement continu de ses activit\u00e9s.<\/p><p class=\"font-claude-response-body break-words whitespace-normal leading-[1.7]\">En 2024, NV Logistics franchit une nouvelle \u00e9tape strat\u00e9gique avec la cr\u00e9ation de la soci\u00e9t\u00e9 F &amp; S Switzerland, bas\u00e9e en Suisse, sp\u00e9cialis\u00e9e dans le transport de marchandises de valeur, consolidant ainsi son expertise et \u00e9largissant son portefeuille de services.<\/p><p class=\"font-claude-response-body break-words whitespace-normal leading-[1.7]\">Gr\u00e2ce \u00e0 une croissance soutenue depuis sa cr\u00e9ation, l&rsquo;\u00e9quipe NV Logistics n&rsquo;a cess\u00e9 de grandir. L&rsquo;adaptation et la personnalisation de ses services, ainsi que des connaissances pointues dans le domaine de la logistique, permettent \u00e0 NV Logistics d&rsquo;offrir un service de haut niveau, global et optimis\u00e9, pour chacun de ses clients, quels que soient leurs domaines d&rsquo;activit\u00e9.<\/p>\t\t\t\t\t\t\t\t<\/div>\n\t\t\t\t\t<\/div>\n\t\t\t\t<\/div>\n\t\t\t\t<\/div>\n\t\t","protected":false},"excerpt":{"rendered":"<p>\u00a0\u00a0\u00a0 Cr\u00e9\u00e9e par Thierry Moreno NV Logistics a d\u00e9but\u00e9 ses activit\u00e9s en 2010 dans les domaines du transport a\u00e9rien, maritime, routier et triangulaire. Bas\u00e9e, sur le site de l\u2019a\u00e9roport \u00e0 Gen\u00e8ve, NV Logistics b\u00e9n\u00e9ficie d\u2019une situation privil\u00e9gi\u00e9e au c\u0153ur de l\u2019Europe. En 2011, une succursale avec un entrep\u00f4t de 1500 m2 est ouvert dans la [&hellip;]<\/p>\n","protected":false},"author":1,"featured_media":0,"parent":0,"menu_order":0,"comment_status":"open","ping_status":"closed","template":"","meta":{"_genesis_hide_title":false,"_genesis_hide_breadcrumbs":false,"_genesis_hide_singular_image":false,"_genesis_hide_footer_widgets":false,"_genesis_custom_body_class":"","_genesis_custom_post_class":"","_genesis_layout":"","footnotes":""},"class_list":{"0":"post-4219","1":"page","2":"type-page","3":"status-publish","5":"entry"},"_links":{"self":[{"href":"https:\/\/www.nvlogistics.com\/fr\/wp-json\/wp\/v2\/pages\/4219","targetHints":{"allow":["GET"]}}],"collection":[{"href":"https:\/\/www.nvlogistics.com\/fr\/wp-json\/wp\/v2\/pages"}],"about":[{"href":"https:\/\/www.nvlogistics.com\/fr\/wp-json\/wp\/v2\/types\/page"}],"author":[{"embeddable":true,"href":"https:\/\/www.nvlogistics.com\/fr\/wp-json\/wp\/v2\/users\/1"}],"replies":[{"embeddable":true,"href":"https:\/\/www.nvlogistics.com\/fr\/wp-json\/wp\/v2\/comments?post=4219"}],"version-history":[{"count":20,"href":"https:\/\/www.nvlogistics.com\/fr\/wp-json\/wp\/v2\/pages\/4219\/revisions"}],"predecessor-version":[{"id":11326,"href":"https:\/\/www.nvlogistics.com\/fr\/wp-json\/wp\/v2\/pages\/4219\/revisions\/11326"}],"wp:attachment":[{"href":"https:\/\/www.nvlogistics.com\/fr\/wp-json\/wp\/v2\/media?parent=4219"}],"curies":[{"name":"wp","href":"https:\/\/api.w.org\/{rel}","templated":true}]}}