{"id":11331,"date":"2026-03-27T16:01:45","date_gmt":"2026-03-27T15:01:45","guid":{"rendered":"https:\/\/www.nvlogistics.com\/?page_id=11331"},"modified":"2026-03-27T16:58:42","modified_gmt":"2026-03-27T15:58:42","slug":"transport-de-valeurs","status":"publish","type":"page","link":"https:\/\/www.nvlogistics.com\/fr\/services\/transport-de-valeurs\/","title":{"rendered":"Transport de Valeurs"},"content":{"rendered":"\t\t<div data-elementor-type=\"wp-page\" data-elementor-id=\"11331\" class=\"elementor elementor-11331\">\n\t\t\t\t<div class=\"elementor-element elementor-element-6136f15 e-flex e-con-boxed e-con e-parent\" data-id=\"6136f15\" data-element_type=\"container\" data-e-type=\"container\">\n\t\t\t\t\t<div class=\"e-con-inner\">\n\t\t\t\t<div class=\"elementor-element elementor-element-048ebde elementor-widget elementor-widget-image\" data-id=\"048ebde\" data-element_type=\"widget\" data-e-type=\"widget\" data-widget_type=\"image.default\">\n\t\t\t\t\t\t\t\t\t\t\t\t\t\t\t<img fetchpriority=\"high\" decoding=\"async\" width=\"1024\" height=\"443\" src=\"https:\/\/www.nvlogistics.com\/wp-content\/uploads\/2026\/03\/F-S-Switzerland-1024x443.png\" class=\"attachment-large size-large wp-image-11332\" alt=\"F &amp; S Switzerland\" srcset=\"https:\/\/www.nvlogistics.com\/wp-content\/uploads\/2026\/03\/F-S-Switzerland-1024x443.png 1024w, https:\/\/www.nvlogistics.com\/wp-content\/uploads\/2026\/03\/F-S-Switzerland-300x130.png 300w, https:\/\/www.nvlogistics.com\/wp-content\/uploads\/2026\/03\/F-S-Switzerland-768x332.png 768w, https:\/\/www.nvlogistics.com\/wp-content\/uploads\/2026\/03\/F-S-Switzerland.png 1356w\" sizes=\"(max-width: 1024px) 100vw, 1024px\" \/>\t\t\t\t\t\t\t\t\t\t\t\t\t\t\t<\/div>\n\t\t\t\t\t<\/div>\n\t\t\t\t<\/div>\n\t\t<div class=\"elementor-element elementor-element-7d45f07 e-flex e-con-boxed e-con e-parent\" data-id=\"7d45f07\" data-element_type=\"container\" data-e-type=\"container\">\n\t\t\t\t\t<div class=\"e-con-inner\">\n\t\t\t\t<div class=\"elementor-element elementor-element-5587872 elementor-widget elementor-widget-text-editor\" data-id=\"5587872\" data-element_type=\"widget\" data-e-type=\"widget\" data-widget_type=\"text-editor.default\">\n\t\t\t\t\t\t\t\t\t<p><span class=\"section-label\" style=\"margin: 0px 0px 16px; padding: 0px; display: inline-block; font-size: 11px; font-weight: 600; letter-spacing: 3px; text-transform: uppercase; color: #c9a227; font-family: 'DM Sans', sans-serif; text-align: start;\">\u00c0 propos<\/span><\/p><h2 class=\"section-title\" style=\"padding: 0px; font-family: 'Playfair Display', serif; font-size: clamp(30px, 4vw, 50px); color: #0a2463; line-height: 1.1; letter-spacing: -1px;\">S\u00e9curit\u00e9 &amp; expertise au c\u0153ur de Gen\u00e8ve<\/h2><p class=\"section-body\" style=\"margin-bottom: 0px; font-size: 17px; color: #4a5568; line-height: 1.75; max-width: 560px; font-family: 'DM Sans', sans-serif; text-align: start;\">F&amp;S Switzerland faisant partie du groupe NV Logistics, est le sp\u00e9cialiste suisse du transport d&rsquo;envois de valeur. Bas\u00e9e \u00e0 Gen\u00e8ve, la soci\u00e9t\u00e9 offre une cha\u00eene logistique s\u00e9curis\u00e9e de bout en bout pour les montres, bijoux, pierres pr\u00e9cieuses, art et autres marchandises de haute valeur.<\/p><p class=\"section-body\" style=\"margin-top: 16px; margin-bottom: 0px; font-size: 17px; color: #4a5568; line-height: 1.75; max-width: 560px; font-family: 'DM Sans', sans-serif; text-align: start;\">Faisant partie du groupe NV Logistics, F&amp;S Switzerland garantit une continuit\u00e9 de service irr\u00e9prochable entre la Suisse et les march\u00e9s asiatiques, avec une expertise locale in\u00e9gal\u00e9e.<\/p>\t\t\t\t\t\t\t\t<\/div>\n\t\t\t\t<div class=\"elementor-element elementor-element-77b5c5f elementor-widget elementor-widget-button\" data-id=\"77b5c5f\" data-element_type=\"widget\" data-e-type=\"widget\" data-widget_type=\"button.default\">\n\t\t\t\t\t\t\t\t\t\t<a class=\"elementor-button elementor-button-link elementor-size-sm\" href=\"https:\/\/www.fsexpress.hk\/\">\n\t\t\t\t\t\t<span class=\"elementor-button-content-wrapper\">\n\t\t\t\t\t\t\t\t\t<span class=\"elementor-button-text\">D\u00e9couvrir F&amp;S Group<\/span>\n\t\t\t\t\t<\/span>\n\t\t\t\t\t<\/a>\n\t\t\t\t\t\t\t\t<\/div>\n\t\t<div class=\"elementor-element elementor-element-9c062c1 e-con-full e-flex e-con e-child\" data-id=\"9c062c1\" data-element_type=\"container\" data-e-type=\"container\">\n\t\t\t\t<div class=\"elementor-element elementor-element-902075e elementor-widget elementor-widget-text-editor\" data-id=\"902075e\" data-element_type=\"widget\" data-e-type=\"widget\" data-widget_type=\"text-editor.default\">\n\t\t\t\t\t\t\t\t\t<div class=\"about-card-title\" style=\"margin: 0px 0px 24px; padding: 0px; font-family: 'Playfair Display', serif; font-size: 28px; font-weight: bold; position: relative; z-index: 1; color: ##fcd91b;\">Installations \u00e0 l&rsquo;A\u00e9roport de Gen\u00e8ve<\/div><ul class=\"about-card-list\" style=\"margin-bottom: 0px; margin-left: 0px; list-style: none; position: relative; z-index: 1; color: #ffffff; font-family: 'DM Sans', sans-serif; font-size: medium;\"><li style=\"margin: 0px; padding: 10px 0px; display: flex; align-items: flex-start; gap: 12px; font-size: 14px; color: rgba(255, 255, 255, 0.8); border-bottom: 1px solid rgba(255, 255, 255, 0.08); line-height: 1.5;\">Chambre forte et coffres-forts individuels sous douane<\/li><li style=\"margin: 0px; padding: 10px 0px; display: flex; align-items: flex-start; gap: 12px; font-size: 14px; color: rgba(255, 255, 255, 0.8); border-bottom: 1px solid rgba(255, 255, 255, 0.08); line-height: 1.5;\">Acc\u00e8s direct \u00e0 la zone s\u00e9curis\u00e9e des douanes (GVA)<\/li><li style=\"margin: 0px; padding: 10px 0px; display: flex; align-items: flex-start; gap: 12px; font-size: 14px; color: rgba(255, 255, 255, 0.8); border-bottom: 1px solid rgba(255, 255, 255, 0.08); line-height: 1.5;\">Surveillance CCTV et dispositifs de s\u00e9curit\u00e9 avanc\u00e9s<\/li><li style=\"margin: 0px; padding: 10px 0px; display: flex; align-items: flex-start; gap: 12px; font-size: 14px; color: rgba(255, 255, 255, 0.8); border-bottom: 1px solid rgba(255, 255, 255, 0.08); line-height: 1.5;\">Entrep\u00f4t sous douane avec licences de d\u00e9clarant<\/li><li style=\"margin: 0px; padding: 10px 0px; display: flex; align-items: flex-start; gap: 12px; font-size: 14px; color: rgba(255, 255, 255, 0.8); border-bottom: none; line-height: 1.5;\">V\u00e9hicules blind\u00e9s couvrant toute la Suisse<\/li><\/ul>\t\t\t\t\t\t\t\t<\/div>\n\t\t\t\t<\/div>\n\t\t\t\t\t<\/div>\n\t\t\t\t<\/div>\n\t\t<div class=\"elementor-element elementor-element-fd43ae4 e-flex e-con-boxed e-con e-parent\" data-id=\"fd43ae4\" data-element_type=\"container\" data-e-type=\"container\">\n\t\t\t\t\t<div class=\"e-con-inner\">\n\t\t\t\t<div class=\"elementor-element elementor-element-11a2bcf elementor-widget elementor-widget-text-editor\" data-id=\"11a2bcf\" data-element_type=\"widget\" data-e-type=\"widget\" data-widget_type=\"text-editor.default\">\n\t\t\t\t\t\t\t\t\t<p><span style=\"text-align: start; font-size: 11px; letter-spacing: 3px; text-transform: uppercase;\"><span style=\"color: #c9a227; font-family: DM Sans, sans-serif;\"><b>LES SERVICES F&amp;S SWITZERLAND<br \/><\/b><\/span><\/span><\/p><h2 class=\"section-title\" style=\"padding: 0px; font-family: 'Playfair Display', serif; font-size: clamp(30px, 4vw, 50px); color: #0a2463; line-height: 1.1; letter-spacing: -1px;\">Une Solution compl\u00e8te porte-\u00e0-porte<\/h2><p class=\"section-body\" style=\"margin-bottom: 0px; font-size: 17px; color: #4a5568; line-height: 1.75; max-width: 560px; font-family: 'DM Sans', sans-serif; text-align: start;\">Chaque exp\u00e9dition est trait\u00e9e avec le plus haut niveau de s\u00e9curit\u00e9, quelle que soit la destination.<\/p>\t\t\t\t\t\t\t\t<\/div>\n\t\t\t\t\t<\/div>\n\t\t\t\t<\/div>\n\t\t<div class=\"elementor-element elementor-element-608ced2 e-flex e-con-boxed e-con e-parent\" data-id=\"608ced2\" data-element_type=\"container\" data-e-type=\"container\">\n\t\t\t\t\t<div class=\"e-con-inner\">\n\t\t\t\t<div class=\"elementor-element elementor-element-ae5d7cc elementor-hidden-mobile elementor-widget elementor-widget-html\" data-id=\"ae5d7cc\" data-element_type=\"widget\" data-e-type=\"widget\" data-widget_type=\"html.default\">\n\t\t\t\t\t<!-- \u2500\u2500 SERVICES \u2500\u2500\u2500\u2500\u2500\u2500\u2500\u2500\u2500\u2500\u2500\u2500\u2500\u2500\u2500\u2500\u2500\u2500\u2500\u2500\u2500\u2500\u2500\u2500\u2500\u2500\u2500\u2500\u2500\u2500\u2500 -->\r\n<section class=\"services\">\r\n  <div class=\"container\">\r\n    <div class=\"services-header\">\r\n     \r\n    <div class=\"services-grid\">\r\n      <div class=\"service-card\">\r\n        <div class=\"service-icon\">\u2708\ufe0f<\/div>\r\n        <h3>Transport multimodal<\/h3>\r\n        <p>A\u00e9rien, maritime, terrestre ou triangulaire \u2014 nous organisons l'acheminement de vos envois de valeur sur tous les modes de transport, avec une couverture mondiale.<\/p>\r\n        <span class=\"service-tag\">Transport<\/span>\r\n      <\/div>\r\n      <div class=\"service-card\">\r\n        <div class=\"service-icon\">\ud83c\udfe6<\/div>\r\n        <h3>Stockage s\u00e9curis\u00e9<\/h3>\r\n        <p>Entrep\u00f4t s\u00e9curis\u00e9 en zone a\u00e9roportuaire \u00e0 Gen\u00e8ve (GVA), avec gestion des stocks, pr\u00e9paration de commandes (Pick & Pack) et tra\u00e7abilit\u00e9 compl\u00e8te.<\/p>\r\n        <span class=\"service-tag\">GVA \u2013 Zone a\u00e9roportuaire<\/span>\r\n      <\/div>\r\n      <div class=\"service-card\">\r\n        <div class=\"service-icon\">\ud83d\udec2<\/div>\r\n        <h3>Assistance passagers<\/h3>\r\n        <p>Accueil et accompagnement aux a\u00e9roports de Gen\u00e8ve (GVA), Zurich (ZRH) et B\u00e2le (BSL) pour les voyageurs transportant des valeurs.<\/p>\r\n        <span class=\"service-tag\">GVA \u00b7 ZRH \u00b7 BSL<\/span>\r\n      <\/div>\r\n      <div class=\"service-card\">\r\n        <div class=\"service-icon\">\ud83d\udee1\ufe0f<\/div>\r\n        <h3>Assurance transport<\/h3>\r\n        <p>Couverture compl\u00e8te pour le transport et le stockage de vos marchandises pr\u00e9cieuses, pour une s\u00e9r\u00e9nit\u00e9 totale tout au long de la cha\u00eene logistique.<\/p>\r\n        <span class=\"service-tag\">Transport & stockage<\/span>\r\n      <\/div>\r\n      <div class=\"service-card\">\r\n        <div class=\"service-icon\">\ud83c\udfdb\ufe0f<\/div>\r\n        <h3>\u00c9v\u00e9nements &amp; foires<\/h3>\r\n        <p>Logistique sp\u00e9cialis\u00e9e pour salons horlogers, expositions d'art et \u00e9v\u00e9nements internationaux n\u00e9cessitant un transport s\u00e9curis\u00e9 de pi\u00e8ces uniques.<\/p>\r\n        <span class=\"service-tag\">Salons & expositions<\/span>\r\n      <\/div>\r\n      <div class=\"service-card\">\r\n        <div class=\"service-icon\">\ud83d\udccb<\/div>\r\n        <h3>D\u00e9douanement<\/h3>\r\n        <p>Licences de d\u00e9clarant en douane suisse, gestion compl\u00e8te des formalit\u00e9s import\/export pour simplifier vos op\u00e9rations transfrontali\u00e8res.<\/p>\r\n        <span class=\"service-tag\">Douanes Suisse<\/span>\r\n      <\/div>\r\n    <\/div>\r\n  <\/div>\r\n<\/section>\r\n\r\n\r\n<style>\r\n\r\n\/* \u2500\u2500 SERVICES \u2500\u2500\u2500\u2500\u2500\u2500\u2500\u2500\u2500\u2500\u2500\u2500\u2500\u2500\u2500\u2500\u2500\u2500\u2500\u2500\u2500\u2500\u2500\u2500\u2500\u2500 *\/\r\n  .services {\r\n    background: var(--off-white);\r\n  }\r\n \r\n  .services-header {\r\n    display: flex;\r\n    justify-content: space-between;\r\n    align-items: flex-end;\r\n    margin-bottom: 60px;\r\n    flex-wrap: wrap;\r\n    gap: 24px;\r\n  }\r\n \r\n  .services-grid {\r\n    display: grid;\r\n    grid-template-columns: repeat(2, 1fr);\r\n    gap: 24px;\r\n  }\r\n \r\n  .service-card {\r\n    background: var(--white);\r\n    border-radius: 12px;\r\n    padding: 40px 32px;\r\n    position: relative;\r\n    overflow: hidden;\r\n    transition: transform 0.3s ease, box-shadow 0.3s ease;\r\n    border: 1px solid rgba(0,0,0,0.06);\r\n  }\r\n \r\n  .service-card:hover {\r\n    transform: translateY(-6px);\r\n    box-shadow: 0 24px 60px rgba(10,36,99,0.12);\r\n  }\r\n \r\n  .service-card.featured {\r\n    background: linear-gradient(135deg, var(--navy), #1a3a80);\r\n    color: var(--white);\r\n    border: none;\r\n  }\r\n \r\n  .service-icon {\r\n    width: 52px;\r\n    height: 52px;\r\n    background: rgba(10,36,99,0.08);\r\n    border-radius: 12px;\r\n    display: flex;\r\n    align-items: center;\r\n    justify-content: center;\r\n    margin-bottom: 24px;\r\n    font-size: 22px;\r\n  }\r\n \r\n  .service-card.featured .service-icon {\r\n    background: rgba(255,255,255,0.1);\r\n  }\r\n \r\n  .service-card h3 {\r\n    font-family: 'Playfair Display', serif;\r\n    font-size: 20px;\r\n    font-weight: 700;\r\n    color: var(--navy);\r\n    margin-bottom: 12px;\r\n    line-height: 1.2;\r\n  }\r\n \r\n  .service-card.featured h3 { color: var(--white); }\r\n \r\n  .service-card p {\r\n    font-size: 14px;\r\n    color: #5a6477;\r\n    line-height: 1.7;\r\n  }\r\n \r\n  .service-card.featured p { color: rgba(255,255,255,0.7); }\r\n \r\n  .service-tag {\r\n    display: inline-block;\r\n    margin-top: 20px;\r\n    background: rgba(10,36,99,0.06);\r\n    color: var(--navy);\r\n    font-size: 11px;\r\n    font-weight: 600;\r\n    letter-spacing: 1px;\r\n    text-transform: uppercase;\r\n    padding: 6px 14px;\r\n    border-radius: 20px;\r\n  }\r\n \r\n  .service-card.featured .service-tag {\r\n    background: rgba(201,162,39,0.2);\r\n    color: var(--gold-light);\r\n  }\r\n  \r\n  <\/style>\t\t\t\t<\/div>\n\t\t\t\t<div class=\"elementor-element elementor-element-88d690a elementor-widget elementor-widget-button\" data-id=\"88d690a\" data-element_type=\"widget\" data-e-type=\"widget\" data-widget_type=\"button.default\">\n\t\t\t\t\t\t\t\t\t\t<a class=\"elementor-button elementor-button-link elementor-size-sm\" href=\"https:\/\/www.fsexpress.hk\/\">\n\t\t\t\t\t\t<span class=\"elementor-button-content-wrapper\">\n\t\t\t\t\t\t\t\t\t<span class=\"elementor-button-text\">D\u00e9couvrir F&amp;S Group<\/span>\n\t\t\t\t\t<\/span>\n\t\t\t\t\t<\/a>\n\t\t\t\t\t\t\t\t<\/div>\n\t\t\t\t\t<\/div>\n\t\t\t\t<\/div>\n\t\t<div class=\"elementor-element elementor-element-dad03d9 e-flex e-con-boxed e-con e-parent\" data-id=\"dad03d9\" data-element_type=\"container\" data-e-type=\"container\">\n\t\t\t\t\t<div class=\"e-con-inner\">\n\t\t\t\t<div class=\"elementor-element elementor-element-525c4b1 elementor-widget elementor-widget-image\" data-id=\"525c4b1\" data-element_type=\"widget\" data-e-type=\"widget\" data-widget_type=\"image.default\">\n\t\t\t\t\t\t\t\t\t\t\t\t\t\t\t<img decoding=\"async\" width=\"1024\" height=\"334\" src=\"https:\/\/www.nvlogistics.com\/wp-content\/uploads\/2026\/03\/Truck-FS-1024x334.png\" class=\"attachment-large size-large wp-image-11333\" alt=\"\" srcset=\"https:\/\/www.nvlogistics.com\/wp-content\/uploads\/2026\/03\/Truck-FS-1024x334.png 1024w, https:\/\/www.nvlogistics.com\/wp-content\/uploads\/2026\/03\/Truck-FS-300x98.png 300w, https:\/\/www.nvlogistics.com\/wp-content\/uploads\/2026\/03\/Truck-FS-768x251.png 768w, https:\/\/www.nvlogistics.com\/wp-content\/uploads\/2026\/03\/Truck-FS.png 1137w\" sizes=\"(max-width: 1024px) 100vw, 1024px\" \/>\t\t\t\t\t\t\t\t\t\t\t\t\t\t\t<\/div>\n\t\t\t\t\t<\/div>\n\t\t\t\t<\/div>\n\t\t<div class=\"elementor-element elementor-element-0e2bf08 e-flex e-con-boxed e-con e-parent\" data-id=\"0e2bf08\" data-element_type=\"container\" data-e-type=\"container\">\n\t\t\t\t\t<div class=\"e-con-inner\">\n\t\t<div class=\"elementor-element elementor-element-b1b60e4 e-con-full e-flex e-con e-child\" data-id=\"b1b60e4\" data-element_type=\"container\" data-e-type=\"container\">\n\t\t\t\t<div class=\"elementor-element elementor-element-069e80c elementor-widget elementor-widget-text-editor\" data-id=\"069e80c\" data-element_type=\"widget\" data-e-type=\"widget\" data-widget_type=\"text-editor.default\">\n\t\t\t\t\t\t\t\t\t<p>\u00c9QUIPAGE DE 2 AGENTS PAR BLIND\u00c9<\/p>\t\t\t\t\t\t\t\t<\/div>\n\t\t\t\t<\/div>\n\t\t<div class=\"elementor-element elementor-element-461e9fc e-con-full e-flex e-con e-child\" data-id=\"461e9fc\" data-element_type=\"container\" data-e-type=\"container\">\n\t\t\t\t<div class=\"elementor-element elementor-element-8b36698 elementor-widget elementor-widget-text-editor\" data-id=\"8b36698\" data-element_type=\"widget\" data-e-type=\"widget\" data-widget_type=\"text-editor.default\">\n\t\t\t\t\t\t\t\t\t<p>LOCALISATION<br \/>GPS<\/p>\t\t\t\t\t\t\t\t<\/div>\n\t\t\t\t<\/div>\n\t\t<div class=\"elementor-element elementor-element-54ff737 e-con-full e-flex e-con e-child\" data-id=\"54ff737\" data-element_type=\"container\" data-e-type=\"container\">\n\t\t\t\t<div class=\"elementor-element elementor-element-c26bd10 elementor-widget elementor-widget-text-editor\" data-id=\"c26bd10\" data-element_type=\"widget\" data-e-type=\"widget\" data-widget_type=\"text-editor.default\">\n\t\t\t\t\t\t\t\t\t<p>COMMANDE \u00c0&nbsp;<span style=\"font-size: 2.2rem;\">DISTANCE DU&nbsp;<\/span><span style=\"font-size: 2.2rem;\">COUPE-CIRCUIT MOTEUR<\/span><\/p>\t\t\t\t\t\t\t\t<\/div>\n\t\t\t\t<\/div>\n\t\t<div class=\"elementor-element elementor-element-c0f9c74 e-con-full e-flex e-con e-child\" data-id=\"c0f9c74\" data-element_type=\"container\" data-e-type=\"container\">\n\t\t\t\t<div class=\"elementor-element elementor-element-94a66cd elementor-widget elementor-widget-text-editor\" data-id=\"94a66cd\" data-element_type=\"widget\" data-e-type=\"widget\" data-widget_type=\"text-editor.default\">\n\t\t\t\t\t\t\t\t\t<p>BLINDAGE NIVEAU<br \/>B4+<\/p>\t\t\t\t\t\t\t\t<\/div>\n\t\t\t\t<\/div>\n\t\t\t\t\t<\/div>\n\t\t\t\t<\/div>\n\t\t<div class=\"elementor-element elementor-element-beb96f7 e-flex e-con-boxed e-con e-parent\" data-id=\"beb96f7\" data-element_type=\"container\" data-e-type=\"container\">\n\t\t\t\t\t<div class=\"e-con-inner\">\n\t\t\t\t<div class=\"elementor-element elementor-element-54e4fc6 elementor-widget elementor-widget-button\" data-id=\"54e4fc6\" data-element_type=\"widget\" data-e-type=\"widget\" data-widget_type=\"button.default\">\n\t\t\t\t\t\t\t\t\t\t<a class=\"elementor-button elementor-button-link elementor-size-sm\" href=\"https:\/\/www.fsexpress.hk\/\">\n\t\t\t\t\t\t<span class=\"elementor-button-content-wrapper\">\n\t\t\t\t\t\t\t\t\t<span class=\"elementor-button-text\">D\u00e9couvrir F&amp;S Group<\/span>\n\t\t\t\t\t<\/span>\n\t\t\t\t\t<\/a>\n\t\t\t\t\t\t\t\t<\/div>\n\t\t\t\t\t<\/div>\n\t\t\t\t<\/div>\n\t\t\t\t<\/div>\n\t\t","protected":false},"excerpt":{"rendered":"<p>\u00c0 propos S\u00e9curit\u00e9 &amp; expertise au c\u0153ur de Gen\u00e8ve F&amp;S Switzerland faisant partie du groupe NV Logistics, est le sp\u00e9cialiste suisse du transport d&rsquo;envois de valeur. Bas\u00e9e \u00e0 Gen\u00e8ve, la soci\u00e9t\u00e9 offre une cha\u00eene logistique s\u00e9curis\u00e9e de bout en bout pour les montres, bijoux, pierres pr\u00e9cieuses, art et autres marchandises de haute valeur. Faisant partie [&hellip;]<\/p>\n","protected":false},"author":11,"featured_media":0,"parent":4227,"menu_order":0,"comment_status":"closed","ping_status":"closed","template":"","meta":{"_genesis_hide_title":false,"_genesis_hide_breadcrumbs":false,"_genesis_hide_singular_image":false,"_genesis_hide_footer_widgets":false,"_genesis_custom_body_class":"","_genesis_custom_post_class":"","_genesis_layout":"","footnotes":""},"class_list":{"0":"post-11331","1":"page","2":"type-page","3":"status-publish","5":"entry"},"_links":{"self":[{"href":"https:\/\/www.nvlogistics.com\/fr\/wp-json\/wp\/v2\/pages\/11331","targetHints":{"allow":["GET"]}}],"collection":[{"href":"https:\/\/www.nvlogistics.com\/fr\/wp-json\/wp\/v2\/pages"}],"about":[{"href":"https:\/\/www.nvlogistics.com\/fr\/wp-json\/wp\/v2\/types\/page"}],"author":[{"embeddable":true,"href":"https:\/\/www.nvlogistics.com\/fr\/wp-json\/wp\/v2\/users\/11"}],"replies":[{"embeddable":true,"href":"https:\/\/www.nvlogistics.com\/fr\/wp-json\/wp\/v2\/comments?post=11331"}],"version-history":[{"count":6,"href":"https:\/\/www.nvlogistics.com\/fr\/wp-json\/wp\/v2\/pages\/11331\/revisions"}],"predecessor-version":[{"id":11354,"href":"https:\/\/www.nvlogistics.com\/fr\/wp-json\/wp\/v2\/pages\/11331\/revisions\/11354"}],"up":[{"embeddable":true,"href":"https:\/\/www.nvlogistics.com\/fr\/wp-json\/wp\/v2\/pages\/4227"}],"wp:attachment":[{"href":"https:\/\/www.nvlogistics.com\/fr\/wp-json\/wp\/v2\/media?parent=11331"}],"curies":[{"name":"wp","href":"https:\/\/api.w.org\/{rel}","templated":true}]}}