{"id":10865,"date":"2023-09-01T11:05:04","date_gmt":"2023-09-01T09:05:04","guid":{"rendered":"https:\/\/www.nvlogistics.com\/?page_id=10865"},"modified":"2023-09-01T11:14:37","modified_gmt":"2023-09-01T09:14:37","slug":"politique-de-confidentialite","status":"publish","type":"page","link":"https:\/\/www.nvlogistics.com\/fr\/qui-sommes-nous\/politique-de-confidentialite\/","title":{"rendered":"Politique de confidentialit\u00e9"},"content":{"rendered":"<p><b>Mentions l\u00e9gales et politique de confidentialit\u00e9 du site internet<br \/>\n<\/b><b><i>www.nvlogistics.com<\/i><\/b><\/p>\n<p>&nbsp;<\/p>\n<p><span style=\"font-weight: 400;\">La soci\u00e9t\u00e9\u00a0<\/span><i><span style=\"font-weight: 400;\">NV Log SA<\/span><\/i><span style=\"font-weight: 400;\">\u00a0d\u00e9crit sa politique de confidentialit\u00e9 en vigueur depuis le 1er septembre 2023 pour ses activit\u00e9s en Suisse, notamment au regard des traitements automatis\u00e9s\u00a0et dans une volont\u00e9 de transparence avec ses clients, a mis en place une politique reprenant l\u2019ensemble de ces traitements, des finalit\u00e9s poursuivies par ces derniers ainsi que des moyens d\u2019actions \u00e0 la disposition des visiteurs afin qu\u2019ils puissent au mieux exercer leurs droits.\u00a0<\/span><\/p>\n<p>&nbsp;<\/p>\n<p><span style=\"font-weight: 400;\">Pour toute information compl\u00e9mentaire sur la protection des donn\u00e9es personnelles, nous vous invitons \u00e0 consulter les articles de loi sur le site de la Conf\u00e9d\u00e9ration suisse:\u00a0<\/span><a href=\"https:\/\/www.fedlex.admin.ch\/eli\/cc\/2022\/491\/fr\"><span style=\"font-weight: 400;\">https:\/\/www.fedlex.admin.ch\/eli\/cc\/2022\/491\/fr<\/span><\/a><\/p>\n<p>&nbsp;<\/p>\n<p><span style=\"font-weight: 400;\">La poursuite de la navigation sur ce site vaut acceptation sans r\u00e9serve des dispositions et conditions d&rsquo;utilisation qui suivent.\u00a0La version actuellement en ligne de ces conditions d&rsquo;utilisation est la seule opposable pendant toute la dur\u00e9e d&rsquo;utilisation du site et jusqu&rsquo;\u00e0 ce qu&rsquo;une nouvelle version la remplace. La politique de confidentialit\u00e9 originale est en fran\u00e7ais. Le visiteur obtient le droit d\u2019accepter, de refuser et de consulter les mentions l\u00e9gales et la politique de confidentialit\u00e9 du site internet depuis la fen\u00eatre modale disponible sur toutes les pages du site internet.<\/span><\/p>\n<p>&nbsp;<\/p>\n<p><span style=\"font-weight: 400;\"><br \/>\n<\/span><b>Propri\u00e9taire du site internet<\/b><\/p>\n<p><i><span style=\"font-weight: 400;\">NV Log SA<\/span><\/i><span style=\"font-weight: 400;\"> au capital de\u00a0100\u2019000\u00a0CHF dont le si\u00e8ge social est situ\u00e9 \u00e0 la Rue Joseph-Girard 24,\u00a01227 Carouge\u00a0<\/span><\/p>\n<p><span style=\"font-weight: 400;\">Repr\u00e9sent\u00e9e par\u00a0<\/span><i><span style=\"font-weight: 400;\">Thierry Moreno<\/span><\/i><span style=\"font-weight: 400;\">, en sa qualit\u00e9 de\u00a0CEO et fondateur<\/span><\/p>\n<p><span style=\"font-weight: 400;\">Immatricul\u00e9e au registre du commerce<br \/>\ndu canton de Gen\u00e8ve de CH-660.7.813.008-9<\/span><\/p>\n<p><span style=\"font-weight: 400;\">Num\u00e9ro de t\u00e9l\u00e9phone: 022 566 40 00<\/span><\/p>\n<p><span style=\"font-weight: 400;\">Adresse e-Mail : <\/span><a href=\"mailto:nLPDCH@nvlogistics.com\"><span style=\"font-weight: 400;\">nLPDCH@nvlogistics.com<\/span><\/a><\/p>\n<p>&nbsp;<\/p>\n<p><b>H\u00e9bergeur du site internet<\/b><\/p>\n<p><i><span style=\"font-weight: 400;\">www.nvlogistics.com<\/span><\/i><span style=\"font-weight: 400;\">\u00a0est h\u00e9berg\u00e9 par\u00a0<\/span><i><span style=\"font-weight: 400;\">Infomaniak Network SA<\/span><\/i><span style=\"font-weight: 400;\">, dont le si\u00e8ge social est situ\u00e9\u00a0Rue Eug\u00e8ne-Marziano 25,\u00a01227 Les Acacias.<\/span><span style=\"font-weight: 400;\"><br \/>\n<\/span><span style=\"font-weight: 400;\">\u00a0<\/span><\/p>\n<p>&nbsp;<\/p>\n<p><b>D\u00e9l\u00e9gu\u00e9 \u00e0 la protection des donn\u00e9es<\/b><\/p>\n<p><span style=\"font-weight: 400;\">Un d\u00e9l\u00e9gu\u00e9 \u00e0 la protection des donn\u00e9es:\u00a0<\/span><i><span style=\"font-weight: 400;\">Thierry Moreno<\/span><\/i><span style=\"font-weight: 400;\">, <a href=\"mailto:nLPDCH@nvlogistics.com\">nLPDCH@nvlogistics.com<\/a><\/span><span style=\"font-weight: 400;\">, est \u00e0 votre disposition pour toute\u00a0question relative \u00e0 la protection de vos donn\u00e9es personnelles g\u00e9r\u00e9es au sein du si\u00e8ge social <\/span><i><span style=\"font-weight: 400;\">NV Log SA<\/span><\/i><span style=\"font-weight: 400;\">.<\/span><\/p>\n<p><span style=\"font-weight: 400;\">\u00a0<\/span><\/p>\n<p>&nbsp;<\/p>\n<p><b>R\u00e9colte, traitement et utilisation des donn\u00e9es\u00a0<\/b><\/p>\n<p><span style=\"font-weight: 400;\">Les donn\u00e9es r\u00e9colt\u00e9es depuis nos statistiques pour mesurer la performance du site internet sont anonymis\u00e9es. Les donn\u00e9es enregistr\u00e9es sont les suivantes:<\/span><\/p>\n<p>&nbsp;<\/p>\n<ul>\n<li style=\"font-weight: 400;\" aria-level=\"1\"><span style=\"font-weight: 400;\">l\u2019adresse IP de l\u2019ordinateur du visiteur;<\/span><\/li>\n<li style=\"font-weight: 400;\" aria-level=\"1\"><span style=\"font-weight: 400;\">la date et l\u2019heure de l\u2019acc\u00e8s;<\/span><\/li>\n<li style=\"font-weight: 400;\" aria-level=\"1\"><span style=\"font-weight: 400;\">le nom et l\u2019URL des donn\u00e9es consult\u00e9es;<\/span><\/li>\n<li style=\"font-weight: 400;\" aria-level=\"1\"><span style=\"font-weight: 400;\">le site Internet \u00e0 partir duquel il a \u00e9t\u00e9 acc\u00e9d\u00e9 au domaine h\u00e9berg\u00e9;<\/span><\/li>\n<li style=\"font-weight: 400;\" aria-level=\"1\"><span style=\"font-weight: 400;\">le syst\u00e8me d\u2019exploitation de l\u2019ordinateur et du navigateur utilis\u00e9s;<\/span><\/li>\n<li style=\"font-weight: 400;\" aria-level=\"1\"><span style=\"font-weight: 400;\">le pays d\u2019o\u00f9 l\u2019acc\u00e8s \u00e0 notre site Internet a lieu;<\/span><\/li>\n<li style=\"font-weight: 400;\" aria-level=\"1\"><span style=\"font-weight: 400;\">le nom de votre fournisseur d\u2019acc\u00e8s \u00e0 Internet.<\/span><\/li>\n<\/ul>\n<p>&nbsp;<\/p>\n<p><span style=\"font-weight: 400;\">La collecte et le traitement de ces donn\u00e9es sont effectu\u00e9s de mani\u00e8re anonyme, sans aucune r\u00e9f\u00e9rence personnelle, dans le but de faciliter l&rsquo;utilisation du site internet, pour \u00e9tablir une connexion; d&rsquo;assurer la s\u00e9curit\u00e9 et la stabilit\u00e9 \u00e0 long terme du syst\u00e8me, d&rsquo;optimiser l&rsquo;offre ou les articles en ligne, ainsi que pour des besoins statistiques. Il convient de noter que les informations susmentionn\u00e9es ne sont en aucun cas associ\u00e9es \u00e0 des donn\u00e9es personnelles ni enregistr\u00e9es en conjonction avec celles-ci.<\/span><\/p>\n<p>&nbsp;<\/p>\n<p><span style=\"font-weight: 400;\">Les adresses IP ne sont examin\u00e9es qu&rsquo;en cas d&rsquo;attaque contre l&rsquo;infrastructure r\u00e9seau ou de suspicion d&rsquo;une utilisation illicite ou abusive du site internet. Cette analyse est effectu\u00e9e dans le but d&rsquo;\u00e9lucider la situation et de se d\u00e9fendre, le cas \u00e9ch\u00e9ant. Les adresses IP pourraient \u00eatre utilis\u00e9es dans le cadre d&rsquo;une enqu\u00eate p\u00e9nale pour identifier et engager des proc\u00e9dures civiles et p\u00e9nales contre l&rsquo;utilisateur ou l&rsquo;utilisatrice concern\u00e9-e. Si n\u00e9cessaire, nous pourrions \u00e9galement \u00eatre tenus de fournir les fichiers en question \u00e0 une instance juridique qui en ferait la demande, dans le cadre d&rsquo;une plainte \u00e9ventuelle.<\/span><\/p>\n<p>&nbsp;<\/p>\n<p><b>Cookies<\/b><span style=\"font-weight: 400;\">\u00a0<\/span><\/p>\n<p><span style=\"font-weight: 400;\">Un <\/span><i><span style=\"font-weight: 400;\">cookie<\/span><\/i><span style=\"font-weight: 400;\"> est un fichier \u00e9lectronique d\u00e9pos\u00e9 sur un terminal (ordinateur, tablette, smartphone, etc.) et lu lors de la consultation d&rsquo;un site internet, de la lecture d&rsquo;un courrier \u00e9lectronique, de l&rsquo;installation ou de l&rsquo;utilisation d&rsquo;un logiciel ou d&rsquo;une application mobile et ce, quel que soit le type de terminal utilis\u00e9.<\/span><\/p>\n<p>&nbsp;<\/p>\n<p><span style=\"font-weight: 400;\">Le site peut collecter automatiquement des informations standards. Toutes les informations collect\u00e9es indirectement ne seront utilis\u00e9es que pour suivre le volume, le type et la configuration du trafic utilisant ce site, pour en d\u00e9velopper la conception et l&rsquo;agencement et \u00e0 d&rsquo;autres fins administratives et de planification et plus g\u00e9n\u00e9ralement pour am\u00e9liorer le service que nous vous offrons.<\/span><\/p>\n<p><span style=\"font-weight: 400;\">\u00a0<\/span><\/p>\n<p><span style=\"font-weight: 400;\">Les cookies suivants sont pr\u00e9sents sur ce site:\u00a0<\/span><\/p>\n<p><b>Cookies Google:<\/b><\/p>\n<p><span style=\"font-weight: 400;\">&#8211; Google analytics: permet de mesurer l&rsquo;audience du site;<\/span><span style=\"font-weight: 400;\"><br \/>\n<\/span><span style=\"font-weight: 400;\">&#8211; Google tag manager: facilite l\u2019impl\u00e9mentation des tags sur les pages et permet\u00a0de g\u00e9rer les balises <\/span><i><span style=\"font-weight: 400;\">Google<\/span><\/i><span style=\"font-weight: 400;\">.<\/span><\/p>\n<p><span style=\"font-weight: 400;\">\u00a0<\/span><\/p>\n<p><b>Cookies Facebook:<\/b><\/p>\n<p><span style=\"font-weight: 400;\">&#8211; Facebook connect: permet de s&rsquo;identifier \u00e0 l&rsquo;aide de son compte Facebook;<\/span><span style=\"font-weight: 400;\"><br \/>\n<\/span><span style=\"font-weight: 400;\">&#8211; Facebook social plugins: permet de liker, partager, commenter du contenu avec un\u00a0compte <\/span><i><span style=\"font-weight: 400;\">Facebook<\/span><\/i><span style=\"font-weight: 400;\">.<\/span><\/p>\n<p><span style=\"font-weight: 400;\">\u00a0<\/span><\/p>\n<p><b>Cookies Twitter:<\/b><\/p>\n<p><span style=\"font-weight: 400;\">&#8211; Twitter button: permet de partager facilement et afficher le contenu de <\/span><i><span style=\"font-weight: 400;\">Twitte<\/span><\/i><span style=\"font-weight: 400;\">r.<\/span><\/p>\n<p><span style=\"font-weight: 400;\">\u00a0<\/span><\/p>\n<p><b>Cookies Linkedin:<\/b><\/p>\n<p><span style=\"font-weight: 400;\">&#8211; Linkedin social: permet de liker, partager, commenter du contenu avec un\u00a0compte <\/span><i><span style=\"font-weight: 400;\">Linkedin<\/span><\/i><span style=\"font-weight: 400;\">.<\/span><\/p>\n<p>&nbsp;<\/p>\n<p><span style=\"font-weight: 400;\">La\u00a0dur\u00e9e de vie de ces <\/span><i><span style=\"font-weight: 400;\">cookies<\/span><\/i><span style=\"font-weight: 400;\"> est de douze mois.<\/span><\/p>\n<p>&nbsp;<\/p>\n<p><span style=\"font-weight: 400;\"><br \/>\n<\/span><b>Donn\u00e9es personnelles<\/b><\/p>\n<p><span style=\"font-weight: 400;\">Les seules donn\u00e9es \u00e0 caract\u00e8re personnel enregistr\u00e9es sont celles que vous choisissez de fournir de votre propre gr\u00e9, telle qu\u2019une demande de renseignements par l\u2019envoi d\u2019un message sur notre adresse de messagerie avec votre logiciel de messagerie. Aucun formulaire n\u2019est disponible sur le site internet. Nous traitons vos donn\u00e9es \u00e0 caract\u00e8re personnel en stricte conformit\u00e9 avec la l\u00e9gislation suisse en mati\u00e8re de protection des donn\u00e9es. Toutes les mesures de s\u00e9curit\u00e9 n\u00e9cessaires sont prises pour pr\u00e9venir tout acc\u00e8s, divulgation, modification ou destruction non autoris\u00e9s de vos donn\u00e9es en g\u00e9n\u00e9ral, et de vos donn\u00e9es \u00e0 caract\u00e8re personnel en particulier.<\/span><\/p>\n<p>&nbsp;<\/p>\n<p><span style=\"font-weight: 400;\">Toute personne int\u00e9ress\u00e9e peut demander par \u00e9crit \u00e0 <\/span><i><span style=\"font-weight: 400;\">NV Logs SA<\/span><\/i><span style=\"font-weight: 400;\"> de se voir communiquer les donn\u00e9es le concernant et, le cas \u00e9ch\u00e9ant, leur mise \u00e0 jour ou leur rectification.<\/span><\/p>\n<p>&nbsp;<\/p>\n<p><b>S\u00e9curit\u00e9 personnelle<\/b><\/p>\n<p><span style=\"font-weight: 400;\">Pour s\u00e9curiser votre ordinateur et contribuer \u00e0 la s\u00e9curit\u00e9 d&rsquo;internet nous vous conseillons d\u2019installer un pare-feu, un antivirus, ainsi qu&rsquo;un antispyware. Au moment de saisir vos donn\u00e9es, v\u00e9rifiez que vous \u00eates en mode s\u00e9curis\u00e9 <\/span><i><span style=\"font-weight: 400;\">https<\/span><\/i><span style=\"font-weight: 400;\">. Notre site internet utilise le protocole s\u00e9curis\u00e9 par un certificat SSL install\u00e9 chez notre h\u00e9bergeur de type <\/span><i><span style=\"font-weight: 400;\">https<\/span><\/i><span style=\"font-weight: 400;\">.<\/span><\/p>\n<p>&nbsp;<\/p>\n<p><span style=\"font-weight: 400;\">Pour garantir la confidentialit\u00e9 des donn\u00e9es \u00e9chang\u00e9es, durant la session d&rsquo;une prestation en ligne, ce site utilise un certificat <\/span><i><span style=\"font-weight: 400;\">SSL 2048 bits<\/span><\/i><span style=\"font-weight: 400;\">. Ce certificat permet \u00e9galement de v\u00e9rifier que votre ordinateur communique bien avec le serveur de NV Logs SA. Nous vous conseillons, pour toutes les transactions confidentielles, de v\u00e9rifier que vous \u00eates bien en relation avec les serveurs. Vous pouvez contr\u00f4ler la validit\u00e9 du certificat ainsi que le nom du site correspondant <\/span><i><span style=\"font-weight: 400;\">www.nvlogistics.com<\/span><\/i><span style=\"font-weight: 400;\">. Pour cela, il vous suffit de cliquer sur le cadenas se trouvant dans la barre d&rsquo;\u00e9tat de votre navigateur internet.<\/span><\/p>\n<p>&nbsp;<\/p>\n<p><b>Droit d\u2019auteur et propri\u00e9t\u00e9 intellectuelle<\/b><\/p>\n<p><span style=\"font-weight: 400;\">L&rsquo;int\u00e9gralit\u00e9 du contenu disponible sur le site web <\/span><i><span style=\"font-weight: 400;\">www.nvlogistics.com<\/span><\/i><span style=\"font-weight: 400;\"> est prot\u00e9g\u00e9e par la l\u00e9gislation sur la propri\u00e9t\u00e9 intellectuelle, en particulier par les lois relatives aux droits d&rsquo;auteur.<\/span><\/p>\n<p>&nbsp;<\/p>\n<p><span style=\"font-weight: 400;\">T\u00e9l\u00e9charger, copier ou imprimer des textes, illustrations ou d&rsquo;autres donn\u00e9es \u00e0 partir de ce site ne conf\u00e8re aucun transfert de droits sur ces contenus. La reproduction, la transmission, la modification ou l&rsquo;utilisation \u00e0 des fins publiques ou commerciales du contenu prot\u00e9g\u00e9 par les droits d&rsquo;auteur, y compris les codes sources, requi\u00e8rent une autorisation \u00e9crite pr\u00e9alable de la part de <\/span><i><span style=\"font-weight: 400;\">NV Logs SA<\/span><\/i><span style=\"font-weight: 400;\">.<\/span><\/p>\n<p>&nbsp;<\/p>\n<p><span style=\"font-weight: 400;\"><br \/>\n<\/span><b>Liens entrants et\/ou sortants vers d\u2019autres sites ou plateformes<\/b><\/p>\n<p><span style=\"font-weight: 400;\">Le site internet <\/span><i><span style=\"font-weight: 400;\">www.nvlogistics.com<\/span><\/i><span style=\"font-weight: 400;\"> contient des liens vers d&rsquo;autres sites. Veuillez noter que la pr\u00e9sente politique de confidentialit\u00e9 s&rsquo;applique exclusivement au site <\/span><i><span style=\"font-weight: 400;\">www.nvlogistics.com<\/span><\/i><span style=\"font-weight: 400;\">.<\/span><\/p>\n<p>&nbsp;<\/p>\n<p><span style=\"font-weight: 400;\">Nous tenons \u00e0 souligner que <\/span><i><span style=\"font-weight: 400;\">www.nvlogistics.com<\/span><\/i><span style=\"font-weight: 400;\"> n&rsquo;a aucune influence sur le contenu accessible via des liens sortants ou entrants menant vers d&rsquo;autres sites internet, et par cons\u00e9quent, nous d\u00e9clinons toute responsabilit\u00e9 quant au contenu de ces sites tiers. Si vous d\u00e9cidez de quitter notre site pour acc\u00e9der \u00e0 un autre site, la politique de confidentialit\u00e9 du site tiers entrera en vigueur. Nous ne pouvons garantir comment le site tiers g\u00e8re les informations que vous lui transmettez.<\/span><\/p>\n<p>&nbsp;<\/p>\n<p><span style=\"font-weight: 400;\">Si vous \u00eates arriv\u00e9-e <\/span><i><span style=\"font-weight: 400;\">www.nvlogistics.com<\/span><\/i><span style=\"font-weight: 400;\"> depuis un autre site, il est possible que nous ayons re\u00e7u des informations personnelles vous concernant en provenance de ce site pr\u00e9c\u00e9dent. Pour en savoir plus \u00e0 ce sujet, veuillez consulter la politique de confidentialit\u00e9 du site que vous avez quitt\u00e9.<\/span><\/p>\n<p>&nbsp;<\/p>\n<p><span style=\"font-weight: 400;\"><br \/>\n<\/span><b>M\u00e9dias sociaux<\/b><b><\/b><\/p>\n<p><span style=\"font-weight: 400;\">Nous diffusons diverses publications telles que des actualit\u00e9s promotionnelles ou r\u00e9dactionnelles sur les plateformes de m\u00e9dias sociaux <\/span><i><span style=\"font-weight: 400;\">Facebook<\/span><\/i><span style=\"font-weight: 400;\">, <\/span><i><span style=\"font-weight: 400;\">Linkedin<\/span><\/i><span style=\"font-weight: 400;\"> et <\/span><i><span style=\"font-weight: 400;\">Twitter<\/span><\/i><span style=\"font-weight: 400;\">. Vous pouvez acc\u00e9der \u00e0 ces publications en cliquant sur les ic\u00f4nes associ\u00e9es aux m\u00e9dias sociaux sur notre site internet pour utiliser la fonctionnalit\u00e9 choisie. Cependant, pour ce faire, vous devez vous connecter \u00e0 votre compte utilisateur correspondant ou d\u00e9j\u00e0 \u00eatre connect\u00e9.<\/span><\/p>\n<p>&nbsp;<\/p>\n<p><span style=\"font-weight: 400;\">Lorsque vous choisissez l&rsquo;une des fonctionnalit\u00e9s propos\u00e9es sur notre site internet et cliquez sur l&rsquo;ic\u00f4ne du m\u00e9dia social correspondant, une connexion directe est \u00e9tablie entre votre navigateur et le serveur de la plateforme du m\u00e9dia social concern\u00e9. Le m\u00e9dia social re\u00e7oit ainsi des informations indiquant que vous avez visit\u00e9 notre site Internet, y compris votre adresse IP, et consult\u00e9 \u00e9galement le lien. Si vous consultez un lien vers une plateforme de r\u00e9seaux sociaux tout en \u00e9tant connect\u00e9 \u00e0 votre compte sur cette plateforme, les contenus de notre site peuvent \u00eatre associ\u00e9s \u00e0 votre profil sur la plateforme de m\u00e9dias sociaux, ce qui signifie que la visite de notre site peut \u00eatre directement li\u00e9e \u00e0 votre compte utilisateur sur la plateforme. Pour \u00e9viter cela, nous vous recommandons de vous d\u00e9connecter avant de cliquer sur de tels liens, si vous ne souhaitez pas que cette attribution ait lieu. Cependant, veuillez noter que l&rsquo;attribution aura lieu de toute fa\u00e7on si vous vous connectez au m\u00e9dia social concern\u00e9 apr\u00e8s avoir cliqu\u00e9 sur le lien.<\/span><\/p>\n<p>&nbsp;<\/p>\n<p><b>Loi applicable et tribunal comp\u00e9tent<\/b><\/p>\n<p><span style=\"font-weight: 400;\">La loi suisse r\u00e9git ce site internet conform\u00e9ment \u00e0 la politique de confidentialit\u00e9 actuelle. En cas de d\u00e9saccord, la comp\u00e9tence judiciaire est r\u00e9serv\u00e9e aux tribunaux du canton de Gen\u00e8ve.\u00a0<\/span><\/p>\n<p>&nbsp;<\/p>\n<p><span style=\"font-weight: 400;\">\u00a0<\/span><span style=\"font-weight: 400;\"><br \/>\n<\/span><b>Contact<\/b><\/p>\n<p><span style=\"font-weight: 400;\">Pour toute question, information sur les produits pr\u00e9sent\u00e9s sur le site, ou concernant le site lui-m\u00eame, vous pouvez laisser un message \u00e0 l&rsquo;adresse suivante: <a href=\"mailto:nLPDCH@nvlogistics.com\">nLPDCH@nvlogistics.com<\/a><\/span><span style=\"font-weight: 400;\">.\u00a0 \u00a0 \u00a0<\/span><\/p>\n","protected":false},"excerpt":{"rendered":"<p>Mentions l\u00e9gales et politique de confidentialit\u00e9 du site internet www.nvlogistics.com &nbsp; La soci\u00e9t\u00e9\u00a0NV Log SA\u00a0d\u00e9crit sa politique de confidentialit\u00e9 en vigueur depuis le 1er septembre 2023 pour ses activit\u00e9s en Suisse, notamment au regard des traitements automatis\u00e9s\u00a0et dans une volont\u00e9 de transparence avec ses clients, a mis en place une politique reprenant l\u2019ensemble de ces [&hellip;]<\/p>\n","protected":false},"author":7,"featured_media":0,"parent":4219,"menu_order":0,"comment_status":"closed","ping_status":"closed","template":"","meta":{"_genesis_hide_title":false,"_genesis_hide_breadcrumbs":false,"_genesis_hide_singular_image":false,"_genesis_hide_footer_widgets":false,"_genesis_custom_body_class":"","_genesis_custom_post_class":"","_genesis_layout":"","footnotes":""},"class_list":{"0":"post-10865","1":"page","2":"type-page","3":"status-publish","5":"entry"},"_links":{"self":[{"href":"https:\/\/www.nvlogistics.com\/fr\/wp-json\/wp\/v2\/pages\/10865","targetHints":{"allow":["GET"]}}],"collection":[{"href":"https:\/\/www.nvlogistics.com\/fr\/wp-json\/wp\/v2\/pages"}],"about":[{"href":"https:\/\/www.nvlogistics.com\/fr\/wp-json\/wp\/v2\/types\/page"}],"author":[{"embeddable":true,"href":"https:\/\/www.nvlogistics.com\/fr\/wp-json\/wp\/v2\/users\/7"}],"replies":[{"embeddable":true,"href":"https:\/\/www.nvlogistics.com\/fr\/wp-json\/wp\/v2\/comments?post=10865"}],"version-history":[{"count":6,"href":"https:\/\/www.nvlogistics.com\/fr\/wp-json\/wp\/v2\/pages\/10865\/revisions"}],"predecessor-version":[{"id":10872,"href":"https:\/\/www.nvlogistics.com\/fr\/wp-json\/wp\/v2\/pages\/10865\/revisions\/10872"}],"up":[{"embeddable":true,"href":"https:\/\/www.nvlogistics.com\/fr\/wp-json\/wp\/v2\/pages\/4219"}],"wp:attachment":[{"href":"https:\/\/www.nvlogistics.com\/fr\/wp-json\/wp\/v2\/media?parent=10865"}],"curies":[{"name":"wp","href":"https:\/\/api.w.org\/{rel}","templated":true}]}}